{"id":1364,"date":"2021-03-18T20:34:19","date_gmt":"2021-03-18T19:34:19","guid":{"rendered":"https:localhost:8888\/red-social-innovation\/?page_id=1364"},"modified":"2021-05-06T12:07:12","modified_gmt":"2021-05-06T10:07:12","slug":"politica-de-proteccion-de-datos-personales","status":"publish","type":"page","link":"https:\/\/red-social-innovation.com\/es\/politica-de-proteccion-de-datos-personales\/","title":{"rendered":"Pol\u00edtica de protecci\u00f3n de datos personales"},"content":{"rendered":"\n<p>1) <strong>OBJETO Y ALCANCE<\/strong><\/p>\n\n\n\n<p>La protecci\u00f3n de sus datos personales es de gran importancia para la Cruz Roja Francesa y la Cruz Roja Espa\u00f1ola (en adelante, \u00abla CRf\u00bb y \u00abla CRe\u00bb o \u00abnosotros\u00bb), responsables del tratamiento y que toman todas las precauciones \u00fatiles para garantizar que sus datos personales se tratan de forma segura.<\/p>\n\n\n\n<p>El CRf y el CRe son conjuntamente responsables del procesamiento en virtud del art\u00edculo 26 del Reglamento general de protecci\u00f3n de datos de 27 de abril de 2016 (Reglamento (UE) 2016\/679), para los datos personales procesados \u200b\u200ben el contexto del uso del sitio web de RED Social Innovation. (en adelante, el \u201csitio\u201d), en el sentido de que conjuntamente determinan las finalidades y medios del tratamiento de datos personales.<\/p>\n\n\n\n<p>El prop\u00f3sito de esta pol\u00edtica es informarle sobre c\u00f3mo tratamos sus datos personales en el contexto de su uso del sitio.<\/p>\n\n\n\n<p>Esta pol\u00edtica cumple con la normativa de protecci\u00f3n de datos aplicable en vigor, y en particular el Reglamento General de Protecci\u00f3n de Datos de 27 de abril de 2016 (Reglamento (UE) 2016\/679) o RGPD) y la Ley de Protecci\u00f3n de Datos francesa n. 78-17 de enero. 6 de 1978 modificado.<\/p>\n\n\n\n<p>2) <strong>FINALIDADES Y FUNDAMENTOS DEL TRATAMIENTO DE SUS DATOS PERSONALES<\/strong><\/p>\n\n\n\n<p>Sus datos personales se utilizan para los siguientes fines:<\/p>\n\n\n\n<p>&#8211; &nbsp; &nbsp; &nbsp; Para la gesti\u00f3n y publicaci\u00f3n de su proyecto online en el sitio;<\/p>\n\n\n\n<p>&#8211; &nbsp; &nbsp; &nbsp; Para operaciones de prospecci\u00f3n, comunicaci\u00f3n y sensibilizaci\u00f3n de informaci\u00f3n relacionada con las acciones y proyectos de la CRf y la CRe, as\u00ed como para encuestas relacionadas con su experiencia en este sitio;<\/p>\n\n\n\n<p>&#8211; \u00a0 \u00a0 \u00a0 Para la gesti\u00f3n, tramitaci\u00f3n y seguimiento de sus solicitudes de contacto e informaci\u00f3n y los art\u00edculos publicados en el sitio web;<\/p>\n\n\n\n<p>&#8211; &nbsp; &nbsp; &nbsp; Para la gesti\u00f3n de sus posibles solicitudes para ejercer los derechos de protecci\u00f3n de datos personales;<\/p>\n\n\n\n<p>&#8211; &nbsp; &nbsp; &nbsp; Para el estudio y comprensi\u00f3n de la navegaci\u00f3n en el sitio, incluida la realizaci\u00f3n de an\u00e1lisis y estad\u00edsticas.<\/p>\n\n\n\n<p>La base legal sobre la cual la CRf y la CRe procesan dichos datos son:<\/p>\n\n\n\n<p>&#8211; &nbsp; &nbsp; &nbsp; Nuestros intereses leg\u00edtimos, que son la gesti\u00f3n de los proyectos en el sitio web; actividades de prospecci\u00f3n y comunicaci\u00f3n relacionadas con las actividades y el desarrollo de CRf y CRe; y seguimiento de las relaciones con nuestros contactos;<\/p>\n\n\n\n<p>&#8211; &nbsp; &nbsp; &nbsp; Cumplimiento de una obligaci\u00f3n legal a la que est\u00e1n sujetos el CRf y el CRe;<\/p>\n\n\n\n<p>&#8211; \u00a0 \u00a0 \u00a0 Su consentimiento que puede retirar en cualquier momento, para el tratamiento relacionado con la gesti\u00f3n del env\u00edo del bolet\u00edn de Red Social Innovation y los art\u00edculos publicados en el sitio web, y con el estudio y comprensi\u00f3n de su navegaci\u00f3n en el sitio web.<\/p>\n\n\n\n<p>3) <strong>CATEGOR\u00cdAS DE DATOS PERSONALES QUE SE RECOPILAN SOBRE USTED<\/strong><\/p>\n\n\n\n<p>Las categor\u00edas de datos personales que le conciernen difieren seg\u00fan el prop\u00f3sito del procesamiento en cuesti\u00f3n:<\/p>\n\n\n\n<figure class=\"wp-block-table\"><table><tbody><tr><td><strong>Finalidad del tratamiento<\/strong><\/td><td><strong>Categor\u00edas de datos procesados<\/strong><\/td><\/tr><tr><td>Para la gesti\u00f3n y publicaci\u00f3n de su proyecto online<\/td><td>Nombre, nombre, organizaci\u00f3n, direcci\u00f3n de correo electr\u00f3nico<\/td><\/tr><tr><td>Para las operaciones de prospecci\u00f3n, comunicaci\u00f3n y sensibilizaci\u00f3n relacionadas con las acciones y proyectos de la CRf y la CRe<\/td><td>Apellido, nombre, direcci\u00f3n de correo electr\u00f3nico<\/td><\/tr><tr><td>Para la gesti\u00f3n del env\u00edo de los art\u00edculos publicado en el sitio web<\/td><td>Direcci\u00f3n de correo electr\u00f3nico\u00a0<\/td><\/tr><tr><td>Para la gesti\u00f3n, tramitaci\u00f3n y seguimiento de sus solicitudes de contacto e informaci\u00f3n<\/td><td>Apellido, nombre, direcci\u00f3n de correo electr\u00f3nico<\/td><\/tr><tr><td>Para el estudio y comprensi\u00f3n de la navegaci\u00f3n en el sitio, incluida la realizaci\u00f3n de an\u00e1lisis y estad\u00edsticas.<\/td><td>Direcci\u00f3n IP (si acepta almacenar una cookie en su equipo)<\/td><\/tr><\/tbody><\/table><\/figure>\n\n\n\n<p>En los formularios de recogida de datos personales de nuestro sitio (publicaci\u00f3n online de su proyecto y solicitud de contacto e informaci\u00f3n), se le informa del car\u00e1cter obligatorio de la recogida de datos mediante la presencia de un asterisco rojo. En ausencia de informaci\u00f3n en un campo obligatorio, el CRf y el CRe no podr\u00e1n procesar su solicitud (no validaci\u00f3n del formulario).<\/p>\n\n\n\n<p>4) <strong>DESTINATARIOS DE SUS DATOS PERSONALES<\/strong><\/p>\n\n\n\n<p>Sus datos personales est\u00e1n destinados a los servicios y personas autorizadas de la CRf y la CRe.<\/p>\n\n\n\n<p>Sin embargo, sus datos personales pueden ser comunicados a proveedores de servicios t\u00e9cnicos para lograr ciertos objetivos antes mencionados en nuestro nombre (por ejemplo, proveedores de servicios a cargo de desarrollar y mantener el sitio, proveedores de servicios a cargo de alojar el sitio, etc.).<\/p>\n\n\n\n<p>Como tal, se especifica que este \u00faltimo:<\/p>\n\n\n\n<p>&#8211; &nbsp; &nbsp; &nbsp; tener acceso limitado a sus datos personales, solo con el fin delizaci\u00f3n del desempe\u00f1o de sus servicios;<\/p>\n\n\n\n<p>&#8211; &nbsp; &nbsp; &nbsp; tener la obligaci\u00f3n contractual de utilizarlos de acuerdo con nuestras instrucciones y con las disposiciones legales sobre la protecci\u00f3n de datos personales;<\/p>\n\n\n\n<p>&#8211; &nbsp; &nbsp; &nbsp; es probable que sean ubicados fuera de la Uni\u00f3n Europea, en particular en pa\u00edses que no garantizan un nivel adecuado de protecci\u00f3n de datos. Estas transferencias de datos est\u00e1n cubiertas por las garant\u00edas adecuadas y, en particular, por la firma de cl\u00e1usulas est\u00e1ndar de protecci\u00f3n de datos adoptadas por la Comisi\u00f3n Europea.<\/p>\n\n\n\n<p>5)<strong> DURACI\u00d3N DE LA CONSERVACI\u00d3N DE SUS DATOS PERSONALES<\/strong><\/p>\n\n\n\n<figure class=\"wp-block-table\"><table><tbody><tr><td><strong>Objetivos del tratamiento<\/strong><\/td><td><strong>Duraci\u00f3n de la conversaci\u00f3n<\/strong><\/td><\/tr><tr><td>Para la gesti\u00f3n y publicaci\u00f3n de su proyecto online<\/td><td>Hasta que elimine su proyecto del sitio web, o hasta que su proyecto sea eliminado del sitio por una decisi\u00f3n del CRf y el CRe despu\u00e9s de que se le haya informado de esta decisi\u00f3n por escrito.<\/td><\/tr><tr><td>Para las operaciones de prospecci\u00f3n, comunicaci\u00f3n y sensibilizaci\u00f3n relacionadas con las acciones y proyectos de la CRf y la CRe<\/td><td>2 a\u00f1os desde su \u00faltimo contacto con el CRf y el CRe luego borrado<\/td><\/tr><tr><td>Para la gesti\u00f3n del env\u00edo del bolet\u00edn de Red Social Innovation y los art\u00edculos publicados en el sitio web.<\/td><td>Siempre que la persona involucrada no se d\u00e9 de baja (a trav\u00e9s del enlace de cancelaci\u00f3n de suscripci\u00f3n integrado en los boletines o correos electr\u00f3nicos)<\/td><\/tr><tr><td>Para la gesti\u00f3n, tramitaci\u00f3n y seguimiento de sus solicitudes de contacto e informaci\u00f3n<\/td><td>Los datos se conservan mientras se procesa su solicitud y durante un per\u00edodo m\u00e1ximo de 1 a\u00f1o a partir de la solicitud, luego se eliminan<\/td><\/tr><tr><td>Para el estudio y comprensi\u00f3n de la navegaci\u00f3n en el sitio, incluida la realizaci\u00f3n de an\u00e1lisis, estudios y estad\u00edsticas.<\/td><td>13 meses como m\u00e1ximo luego eliminaci\u00f3n<\/td><\/tr><\/tbody><\/table><\/figure>\n\n\n\n<p>6) <strong>PAPELES DE LA UIF Y LA CRE COMO ADMINISTRADORES DE TRATAMIENTO CONJUNTO<\/strong><\/p>\n\n\n\n<p>El CRf y el CRe, como responsables del tratamiento conjunto, se comprometen a:<\/p>\n\n\n\n<p>&#8211; Procesar sus datos solo para los fines de procesamiento antes mencionados;<\/p>\n\n\n\n<p>&#8211; Respetar el principio de minimizaci\u00f3n de datos en el sentido del art\u00edculo 5 (1) c) del RGPD;<\/p>\n\n\n\n<p>&#8211; Actualizar sus datos personales si es necesario, a petici\u00f3n suya o por iniciativa propia;<\/p>\n\n\n\n<p>&#8211; No divulgue ni permita el acceso a sus datos personales a personas que no sean los destinatarios autorizados;<\/p>\n\n\n\n<p>&#8211; Brindarle informaci\u00f3n clara y suficiente sobre el procesamiento de sus datos personales, de acuerdo con los art\u00edculos 12 a 14 del RGPD: el CRf y el CRe recopilan sus datos personales a trav\u00e9s del sitio y le brindan informaci\u00f3n en cada formulario de recolecci\u00f3n de datos. en el sitio. Adem\u00e1s, el CRf y el CRe publican esta pol\u00edtica de protecci\u00f3n de datos personales en el sitio. El CRf es responsable de redactar estos documentos, que se publican en franc\u00e9s e ingl\u00e9s en el sitio. El CRe es responsable de la redacci\u00f3n de dichos documentos publicados en espa\u00f1ol en el sitio.<\/p>\n\n\n\n<p>&#8211; Respete sus derechos de acuerdo con el Cap\u00edtulo 3 del RGPD. El Delegado de Protecci\u00f3n de Datos de Cruz Roja Espa\u00f1ola (disponible en la direcci\u00f3n de correo electr\u00f3nico dpo@cruzroja.es ) es su punto de contacto para el ejercicio de sus derechos. Sin embargo, de acuerdo con el art\u00edculo 26 del RGPD, puede ejercer sus derechos con respecto a y contra la CRe o la CRf.<\/p>\n\n\n\n<p>&#8211; Cumplir con los art\u00edculos 33 y 34 del RGPD en caso de violaci\u00f3n de datos personales: en caso de violaci\u00f3n que represente un riesgo para los derechos y libertades de las personas involucradas, el CRf notifica esta violaci\u00f3n a la autoridad de control principal: el \u201cComisi\u00f3n Nacional de Inform\u00e1tica y Libertades\u201d o CNIL.<\/p>\n\n\n\n<p>En caso de una violaci\u00f3n de datos personales que pueda entra\u00f1ar un alto riesgo para los derechos y libertades de los interesados: de acuerdo con el art\u00edculo 34 del RGPD, el CRf comunica esta violaci\u00f3n a los interesados \u200b\u200bde habla francesa o inglesa; De acuerdo con el art\u00edculo 34 del RGPD, el CRe comunica la violaci\u00f3n de datos personales a los interesados \u200b\u200bde habla hispana.<\/p>\n\n\n\n<p>7) <strong>SEGURIDAD DE SUS DATOS<\/strong><\/p>\n\n\n\n<p>El CRf y el CRe se encargan de garantizar la seguridad de sus datos. Como tal, la CRf y la CRe implementan las medidas t\u00e9cnicas y organizativas adecuadas para garantizar un nivel de seguridad adaptado al riesgo.<\/p>\n\n\n\n<p>Nuestros proveedores de servicios y nuestros socios t\u00e9cnicos est\u00e1n sujetos en particular a una obligaci\u00f3n contractual de seguridad y confidencialidad de los datos personales que procesan en nuestro nombre.<\/p>\n\n\n\n<p>8) <strong>SUS DERECHOS DE PROTECCI\u00d3N DE DATOS<\/strong><\/p>\n\n\n\n<p>Tiene derecho de acceso y derecho a rectificar sus datos. En ciertos casos, tiene derecho a borrar y a limitar el procesamiento. Tambi\u00e9n tiene derecho a oponerse a que se procesen sus datos personales y a oponerse a que sus datos se utilicen con fines de prospecci\u00f3n.<\/p>\n\n\n\n<p>Puede ejercer sus derechos previstos en el Cap\u00edtulo 3 del RGPD con respecto a la CRe o la CRf. No obstante, con el fin de facilitar el ejercicio de sus derechos, el Delegado de Protecci\u00f3n de Datos de Cruz Roja Espa\u00f1ola es su punto de contacto: puede ponerse en contacto con \u00e9l a trav\u00e9s del correo electr\u00f3nico: <em>dpo@cruzroja.es<\/em> o por correo postal, indicando el departamento en cuesti\u00f3n. , a la siguiente direcci\u00f3n:<\/p>\n\n\n\n<p><strong>Cruz Roja Espa\u00f1ola Responsable de Protecci\u00f3n de Datos<\/strong><br>C \/ Av. Reina Victoria 26<br>2828003 Madrid<\/p>\n\n\n\n<p>El Delegado de Protecci\u00f3n de Datos (DPO) de la Cruz Roja Francesa puede ser contactado por correo electr\u00f3nico (en<em> dpo@croix-rouge.fr <\/em>) o por correo postal a la siguiente direcci\u00f3n:<\/p>\n\n\n\n<p>Responsable de protecci\u00f3n de datos de la <\/p>\n\n\n\n<p><strong>Cruz Roja Francesa <br><\/strong>98 rue Didot <br>75014 Par\u00eds<\/p>\n\n\n\n<p>Adem\u00e1s, el CRf y el CRe han decidido nombrar a la Comisi\u00f3n Nacional de Inform\u00e1tica y Libertades o CNIL como autoridad supervisora \u200b\u200bprincipal: puede presentar una denuncia ante la CNIL,<a href=\"https:\/\/www.cnil.fr\/fr\/plaintes\"> en l\u00ednea<\/a> o por correo postal a la siguiente direcci\u00f3n:<\/p>\n\n\n\n<p><strong>CNIL<\/strong><br>3 Place de Fontenoy<br>TSA 80715 <br>75334 PARIS CEDEX 07<\/p>\n\n\n\n<p>Si cree que no se respetan suficientemente sus derechos, puede presentar una reclamaci\u00f3n ante la Autoridad Espa\u00f1ola de Protecci\u00f3n de Datos (AEPD) en <a href=\"http:\/\/www.aepd.es\/\">www.aepd.es<\/a>.<\/p>\n\n\n\n<p>9) <strong>COOKIES<\/strong><\/p>\n\n\n\n<p>Una cookie es un peque\u00f1o archivo formado por letras y n\u00fameros almacenados en un espacio dedicado en su equipo (computadora, tel\u00e9fono inteligente, tableta, etc.) y en su navegador de Internet cuando visita este sitio.<\/p>\n\n\n\n<p>El dep\u00f3sito de cookies en su navegador est\u00e1 sujeto a su consentimiento.ment, con la excepci\u00f3n de cookies estrictamente necesarias. En su primera visita a nuestro sitio, un banner le mostrar\u00e1 informaci\u00f3n de la presencia de cookies y le invita a aceptarlas o rechazarlas. Solo se descargan si hace clic en \u00abAceptar\u00bb. Sin embargo, usted puede elegir en cualquier momento retirar su consentimiento para todas o algunas de las cookies, con la excepci\u00f3n de las cookies t\u00e9cnicas.<\/p>\n\n\n\n<p>Para obtener m\u00e1s informaci\u00f3n sobre las cookies utilizadas en nuestro sitio, Haga clic aqu\u00ed.<\/p>\n\n\n\n<p>10) <strong>ACTUALIZACI\u00d3N DE ESTA POL\u00cdTICA<\/strong><\/p>\n\n\n\n<p>Esta pol\u00edtica est\u00e1 sujeta a cambios en cualquier momento. Lo invitamos a consultarlo regularmente en la secci\u00f3n dedicada del sitio. Tambi\u00e9n puede acceder a \u00e9l haciendo clic en el enlace que aparece en cada formulario de recopilaci\u00f3n de datos en el sitio.<\/p>\n\n\n\n<p><em>\u00daltima modificaci\u00f3n: 06\/05\/2021.<\/em><\/p>\n","protected":false},"excerpt":{"rendered":"<p>1) OBJETO Y ALCANCE La protecci\u00f3n de sus datos personales es de gran importancia para la Cruz Roja Francesa y&#8230;<\/p>\n","protected":false},"author":5,"featured_media":0,"parent":0,"menu_order":0,"comment_status":"closed","ping_status":"closed","template":"","meta":{"footnotes":""},"acf":[],"yoast_head":"<!-- This site is optimized with the Yoast SEO plugin v21.5 - https:\/\/yoast.com\/wordpress\/plugins\/seo\/ -->\n<title>Pol\u00edtica de protecci\u00f3n de datos personales - Red Social Innovation<\/title>\n<meta name=\"robots\" content=\"index, follow, max-snippet:-1, max-image-preview:large, max-video-preview:-1\" \/>\n<link rel=\"canonical\" href=\"https:\/\/red-social-innovation.com\/es\/politica-de-proteccion-de-datos-personales\/\" \/>\n<meta property=\"og:locale\" content=\"es_ES\" \/>\n<meta property=\"og:type\" content=\"article\" \/>\n<meta property=\"og:title\" content=\"Pol\u00edtica de protecci\u00f3n de datos personales - Red Social Innovation\" \/>\n<meta property=\"og:description\" content=\"1) OBJETO Y ALCANCE La protecci\u00f3n de sus datos personales es de gran importancia para la Cruz Roja Francesa y...\" \/>\n<meta property=\"og:url\" content=\"https:\/\/red-social-innovation.com\/es\/politica-de-proteccion-de-datos-personales\/\" \/>\n<meta property=\"og:site_name\" content=\"Red Social Innovation\" \/>\n<meta property=\"article:modified_time\" content=\"2021-05-06T10:07:12+00:00\" \/>\n<meta name=\"twitter:card\" content=\"summary_large_image\" \/>\n<meta name=\"twitter:label1\" content=\"Tiempo de lectura\" \/>\n\t<meta name=\"twitter:data1\" content=\"9 minutos\" \/>\n<script type=\"application\/ld+json\" class=\"yoast-schema-graph\">{\"@context\":\"https:\/\/schema.org\",\"@graph\":[{\"@type\":\"WebPage\",\"@id\":\"https:\/\/red-social-innovation.com\/es\/politica-de-proteccion-de-datos-personales\/\",\"url\":\"https:\/\/red-social-innovation.com\/es\/politica-de-proteccion-de-datos-personales\/\",\"name\":\"Pol\u00edtica de protecci\u00f3n de datos personales - Red Social Innovation\",\"isPartOf\":{\"@id\":\"https:\/\/red-social-innovation.com\/es\/#website\"},\"datePublished\":\"2021-03-18T19:34:19+00:00\",\"dateModified\":\"2021-05-06T10:07:12+00:00\",\"breadcrumb\":{\"@id\":\"https:\/\/red-social-innovation.com\/es\/politica-de-proteccion-de-datos-personales\/#breadcrumb\"},\"inLanguage\":\"es\",\"potentialAction\":[{\"@type\":\"ReadAction\",\"target\":[\"https:\/\/red-social-innovation.com\/es\/politica-de-proteccion-de-datos-personales\/\"]}]},{\"@type\":\"BreadcrumbList\",\"@id\":\"https:\/\/red-social-innovation.com\/es\/politica-de-proteccion-de-datos-personales\/#breadcrumb\",\"itemListElement\":[{\"@type\":\"ListItem\",\"position\":1,\"name\":\"Home\",\"item\":\"http:\/\/34.77.224.50\/es\/\"},{\"@type\":\"ListItem\",\"position\":2,\"name\":\"Pol\u00edtica de protecci\u00f3n de datos personales\"}]},{\"@type\":\"WebSite\",\"@id\":\"https:\/\/red-social-innovation.com\/es\/#website\",\"url\":\"https:\/\/red-social-innovation.com\/es\/\",\"name\":\"Red Social Innovation\",\"description\":\"Centro Internacional de Recursos de Innovaci\u00f3n Social\",\"publisher\":{\"@id\":\"https:\/\/red-social-innovation.com\/es\/#organization\"},\"potentialAction\":[{\"@type\":\"SearchAction\",\"target\":{\"@type\":\"EntryPoint\",\"urlTemplate\":\"https:\/\/red-social-innovation.com\/es\/?s={search_term_string}\"},\"query-input\":\"required name=search_term_string\"}],\"inLanguage\":\"es\"},{\"@type\":\"Organization\",\"@id\":\"https:\/\/red-social-innovation.com\/es\/#organization\",\"name\":\"Red Social Innovation\",\"url\":\"https:\/\/red-social-innovation.com\/es\/\",\"logo\":{\"@type\":\"ImageObject\",\"inLanguage\":\"es\",\"@id\":\"https:\/\/red-social-innovation.com\/es\/#\/schema\/logo\/image\/\",\"url\":\"https:\/\/red-social-innovation.com\/wp-content\/uploads\/2021\/03\/logo-red-social-innovation.svg\",\"contentUrl\":\"https:\/\/red-social-innovation.com\/wp-content\/uploads\/2021\/03\/logo-red-social-innovation.svg\",\"caption\":\"Red Social Innovation\"},\"image\":{\"@id\":\"https:\/\/red-social-innovation.com\/es\/#\/schema\/logo\/image\/\"}}]}<\/script>\n<!-- \/ Yoast SEO plugin. -->","yoast_head_json":{"title":"Pol\u00edtica de protecci\u00f3n de datos personales - Red Social Innovation","robots":{"index":"index","follow":"follow","max-snippet":"max-snippet:-1","max-image-preview":"max-image-preview:large","max-video-preview":"max-video-preview:-1"},"canonical":"https:\/\/red-social-innovation.com\/es\/politica-de-proteccion-de-datos-personales\/","og_locale":"es_ES","og_type":"article","og_title":"Pol\u00edtica de protecci\u00f3n de datos personales - Red Social Innovation","og_description":"1) OBJETO Y ALCANCE La protecci\u00f3n de sus datos personales es de gran importancia para la Cruz Roja Francesa y...","og_url":"https:\/\/red-social-innovation.com\/es\/politica-de-proteccion-de-datos-personales\/","og_site_name":"Red Social Innovation","article_modified_time":"2021-05-06T10:07:12+00:00","twitter_card":"summary_large_image","twitter_misc":{"Tiempo de lectura":"9 minutos"},"schema":{"@context":"https:\/\/schema.org","@graph":[{"@type":"WebPage","@id":"https:\/\/red-social-innovation.com\/es\/politica-de-proteccion-de-datos-personales\/","url":"https:\/\/red-social-innovation.com\/es\/politica-de-proteccion-de-datos-personales\/","name":"Pol\u00edtica de protecci\u00f3n de datos personales - Red Social Innovation","isPartOf":{"@id":"https:\/\/red-social-innovation.com\/es\/#website"},"datePublished":"2021-03-18T19:34:19+00:00","dateModified":"2021-05-06T10:07:12+00:00","breadcrumb":{"@id":"https:\/\/red-social-innovation.com\/es\/politica-de-proteccion-de-datos-personales\/#breadcrumb"},"inLanguage":"es","potentialAction":[{"@type":"ReadAction","target":["https:\/\/red-social-innovation.com\/es\/politica-de-proteccion-de-datos-personales\/"]}]},{"@type":"BreadcrumbList","@id":"https:\/\/red-social-innovation.com\/es\/politica-de-proteccion-de-datos-personales\/#breadcrumb","itemListElement":[{"@type":"ListItem","position":1,"name":"Home","item":"http:\/\/34.77.224.50\/es\/"},{"@type":"ListItem","position":2,"name":"Pol\u00edtica de protecci\u00f3n de datos personales"}]},{"@type":"WebSite","@id":"https:\/\/red-social-innovation.com\/es\/#website","url":"https:\/\/red-social-innovation.com\/es\/","name":"Red Social Innovation","description":"Centro Internacional de Recursos de Innovaci\u00f3n Social","publisher":{"@id":"https:\/\/red-social-innovation.com\/es\/#organization"},"potentialAction":[{"@type":"SearchAction","target":{"@type":"EntryPoint","urlTemplate":"https:\/\/red-social-innovation.com\/es\/?s={search_term_string}"},"query-input":"required name=search_term_string"}],"inLanguage":"es"},{"@type":"Organization","@id":"https:\/\/red-social-innovation.com\/es\/#organization","name":"Red Social Innovation","url":"https:\/\/red-social-innovation.com\/es\/","logo":{"@type":"ImageObject","inLanguage":"es","@id":"https:\/\/red-social-innovation.com\/es\/#\/schema\/logo\/image\/","url":"https:\/\/red-social-innovation.com\/wp-content\/uploads\/2021\/03\/logo-red-social-innovation.svg","contentUrl":"https:\/\/red-social-innovation.com\/wp-content\/uploads\/2021\/03\/logo-red-social-innovation.svg","caption":"Red Social Innovation"},"image":{"@id":"https:\/\/red-social-innovation.com\/es\/#\/schema\/logo\/image\/"}}]}},"_links":{"self":[{"href":"https:\/\/red-social-innovation.com\/es\/wp-json\/wp\/v2\/pages\/1364"}],"collection":[{"href":"https:\/\/red-social-innovation.com\/es\/wp-json\/wp\/v2\/pages"}],"about":[{"href":"https:\/\/red-social-innovation.com\/es\/wp-json\/wp\/v2\/types\/page"}],"author":[{"embeddable":true,"href":"https:\/\/red-social-innovation.com\/es\/wp-json\/wp\/v2\/users\/5"}],"replies":[{"embeddable":true,"href":"https:\/\/red-social-innovation.com\/es\/wp-json\/wp\/v2\/comments?post=1364"}],"version-history":[{"count":4,"href":"https:\/\/red-social-innovation.com\/es\/wp-json\/wp\/v2\/pages\/1364\/revisions"}],"predecessor-version":[{"id":2145,"href":"https:\/\/red-social-innovation.com\/es\/wp-json\/wp\/v2\/pages\/1364\/revisions\/2145"}],"wp:attachment":[{"href":"https:\/\/red-social-innovation.com\/es\/wp-json\/wp\/v2\/media?parent=1364"}],"curies":[{"name":"wp","href":"https:\/\/api.w.org\/{rel}","templated":true}]}}