{"id":1376,"date":"2021-03-18T21:14:44","date_gmt":"2021-03-18T20:14:44","guid":{"rendered":"https:localhost:8888\/red-social-innovation\/?page_id=1376"},"modified":"2021-03-31T21:23:40","modified_gmt":"2021-03-31T19:23:40","slug":"cookies-policy","status":"publish","type":"page","link":"https:\/\/red-social-innovation.com\/es\/cookies-policy\/","title":{"rendered":"Pol\u00edtica de cookies"},"content":{"rendered":"\n<ol><li><strong>Objeto y alcance<\/strong><br>La Cruz Roja Francesa y la Cruz Roja Espa\u00f1ola (en adelante, \u00abFRC\u00bb y \u00abSRC\u00bb o \u00abnosotros\u00bb), controladores de datos conjuntos, utilizan cookies y otras tecnolog\u00edas de seguimiento (en adelante, \u00ablas cookies\u00bb) en el sitio web red social innovation (en adelante \u00bb el sitio web\u00bb).<\/li><\/ol>\n\n\n\n<p>Esta Pol\u00edtica de cookies tiene como objetivo informar a los usuarios de la web (en adelante, los \u00abvisitantes\u00bb o \u00abusted\u00bb) sobre los tipos de cookies que se utilizan en nuestro sitio web, los motivos por los que utilizamos cookies y la forma en que puede configurar las cookies.<\/p>\n\n\n\n<p>Para obtener m\u00e1s informaci\u00f3n sobre c\u00f3mo el FRC y el SRC manejan sus datos personales, <a href=\"https:\/\/red-social-innovation.com\/es\/la-gestion-de-sus-datos-personales-y-sus-derechos\/\">haga clic aqu\u00ed<\/a>.<\/p>\n\n\n\n<p>2. <strong>Definici\u00f3n de \u00abcookies\u00bb<\/strong><\/p>\n\n\n\n<p>Una cookie es un peque\u00f1o archivo que consta de letras y n\u00fameros que se coloca en el dispositivo del usuario (computadora, tel\u00e9fono inteligente &#8230;) cuando visita un sitio web.<\/p>\n\n\n\n<p>Usamos las siguientes cookies en nuestro sitio web:<\/p>\n\n\n\n<ul><li>Cookies t\u00e9cnicas estrictamente necesarias: cookies estrictamente necesarias para el funcionamiento de nuestro sitio web y acceso a nuestros servicios.<\/li><li>Cookies funcionales o cookies de preferencia: cookies que almacenan informaci\u00f3n sobre su experiencia en nuestra sitio web para mejorar su comodidad de navegaci\u00f3n, por ejemplo, para memorizar sus preferencias de idioma.<\/li><li>Cookies de estad\u00edsticas: cookies que nos permiten comprender c\u00f3mo llega a nuestro sitio web y c\u00f3mo interact\u00faa con nuestro sitio web, y producir estad\u00edsticas an\u00f3nimas de visitas midiendo el n\u00famero de visitas, el n\u00famero de p\u00e1ginas visitadas, la duraci\u00f3n de la navegaci\u00f3n, la frecuencia de las visitas, la actividad en nuestro sitio web &#8230; Si es necesario, estas cookies nos permiten detectar problemas de navegaci\u00f3n y en consecuencia mejorar la ergonom\u00eda de nuestros servicios.<\/li><li>Cookies publicitarias: cookies que permiten mostrar anuncios relevantes en nuestro sitio web en funci\u00f3n de su experiencia de navegaci\u00f3n y las interacciones que tiene con los sitios web que visita. .<\/li><li>Cookies de \u201credes sociales\u201d: cookies que permiten compartir contenido de nuestro sitio web (botones \u201ccompartir\u201d) en la red social Twitter.<\/li><\/ul>\n\n\n\n<p>3. <strong>Cookies utilizadas por el FRC y el SRC<\/strong><\/p>\n\n\n\n<p>A continuaci\u00f3n, encontrar\u00e1 varias tablas que enumeran los diferentes tipos de cookies que usamos y las razones por las que las usamos.<\/p>\n\n\n\n<p><strong>Cookies t\u00e9cnicas estrictamente necesarias<\/strong><\/p>\n\n\n\n<p>Estas cookies son estrictamente necesarias para el funcionamiento del sitio web y no se pueden desactivar en nuestros sistemas. Por lo general, se establecen como una reacci\u00f3n a las acciones que establezca, como establecer sus preferencias de privacidad o completar formularios.<\/p>\n\n\n\n<p>Puede configurar su navegador web para bloquear o ser informado de la existencia de estas cookies, pero el rendimiento del sitio web puede verse afectado.<\/p>\n\n\n\n<figure class=\"wp-block-table is-style-regular\"><table><tbody><tr><td><strong>Nombre de dominio<\/strong><\/td><td><strong>Cookies\u00a0\u00a0\u00a0<\/strong><\/td><td><strong>Cookies usadas<\/strong><\/td><td><strong>Duraci\u00f3n<\/strong><\/td><\/tr><tr><td>RED Social Innovation<\/td><td>cookielawinfo-checbox-analytics<\/td><td>Propria<\/td><td>11 meses<\/td><\/tr><tr><td>RED Social Innovation<\/td><td>cookielawinfo-checbox-functional<\/td><td>Propria<\/td><td>11 meses<\/td><\/tr><tr><td>RED Social Innovation<\/td><td>cookielawinfo-checbox-others<\/td><td>Propria<\/td><td>11 meses<\/td><\/tr><tr><td>RED Social Innovation<\/td><td>cookielawinfo-checkbox-advertisement<\/td><td>Propria<\/td><td>1 a\u00f1o<\/td><\/tr><tr><td>RED Social Innovation<\/td><td>cookielawinfo-checkbox-necessary<\/td><td>Propria<\/td><td>11 meses<\/td><\/tr><tr><td>RED Social Innovation<\/td><td>cookielawinfo-checkbox-performance<\/td><td>Propria<\/td><td>11 meses<\/td><\/tr><tr><td>RED Social Innovation<\/td><td>viewed_cookie_policy<\/td><td>Propria<\/td><td>11 meses<\/td><\/tr><tr><td>RED Social Innovation<\/td><td>_icl_visitor_lang_js<\/td><td>Propria<\/td><td>1 dia<\/td><\/tr><\/tbody><\/table><\/figure>\n\n\n\n<p><strong>Cookies funcionales o cookies de preferencia<\/strong><\/p>\n\n\n\n<p>Estas cookies mejoran y personalizan la funcionalidad del sitio web. Estas cookies pueden ser instaladas por nuestro equipo o por terceros cuyos servicios se utilizan en las p\u00e1ginas de nuestro sitio web. Si no acepta estas cookies, es posible que algunos o todos estos servicios no funcionen correctamente.<\/p>\n\n\n\n<figure class=\"wp-block-table is-style-regular\"><table><tbody><tr><td><strong>Nombre de dominio<\/strong><\/td><td><strong>Cookies\u00a0\u00a0\u00a0<\/strong><\/td><td><strong>Cookies usadas<\/strong><\/td><td><strong>Duraci\u00f3n\u00a0<\/strong><\/td><\/tr><tr><td>youtube.com<\/td><td>YSC<\/td><td>Ajena<\/td><td>Sesi\u00f3n<\/td><\/tr><tr><td>RED Social Innovation<\/td><td>wpml_browser_redirect_test<\/td><td>Propria<\/td><td>Sesi\u00f3n<\/td><\/tr><\/tbody><\/table><\/figure>\n\n\n\n<p><strong>Cookies de estad\u00edsticas<\/strong><\/p>\n\n\n\n<p>Estas cookies nos permiten determinar el n\u00famero de visitas y las fuentes de tr\u00e1fico, con el fin de medir y mejorar el rendimiento de nuestro sitio web. Tambi\u00e9n nos ayudan a identificar las p\u00e1ginas m\u00e1s y menos visitadas y a evaluar c\u00f3mo los visitantes navegan por el sitio web. La informaci\u00f3n recopilada por estas cookies se anonimiza. Si no acepta estas cookies, no seremos notificados de su visita a nuestro sitio web.<\/p>\n\n\n\n<figure class=\"wp-block-table is-style-regular\"><table><tbody><tr><td><strong>Nombre de dominio<\/strong><\/td><td><strong>Cookies\u00a0\u00a0\u00a0<\/strong><\/td><td><strong>Cookies usadas<\/strong><\/td><td><strong>Duraci\u00f3n<\/strong><\/td><\/tr><tr><td>RED Social Innovation<\/td><td>_ga<\/td><td>Propria<\/td><td>Sesi\u00f3n<\/td><\/tr><tr><td>RED Social Innovation<\/td><td>_gid<\/td><td>Propria<\/td><td>1 dia<\/td><\/tr><\/tbody><\/table><\/figure>\n\n\n\n<p><strong>Cookies para publicidad dirigida<\/strong><\/p>\n\n\n\n<p>Nuestros socios publicitarios pueden establecer estas cookies a trav\u00e9s de nuestro sitio web. Estas empresas pueden utilizarlos para crear un perfil de sus intereses y mostrarle anuncios relevantes en otros sitios. No almacenan directamente informaci\u00f3n personal, sino que se basan en la identificaci\u00f3n \u00fanica de su navegador y dispositivo de Internet. Si no permite estas cookies, experimentar\u00e1 publicidad menos dirigida.<\/p>\n\n\n\n<figure class=\"wp-block-table is-style-regular\"><table><tbody><tr><td><strong>Nombre de dominio<\/strong><\/td><td><strong>Cookies\u00a0\u00a0\u00a0<\/strong><\/td><td><strong>Cookies usadas<\/strong><\/td><td><strong>Duraci\u00f3n<\/strong><\/td><\/tr><tr><td>RED Social Innovation<\/td><td>i\/jot<\/td><td>Propria<\/td><td>Sesi\u00f3n<\/td><\/tr><tr><td>accounts.google.com<\/td><td>__Host-GAPS<\/td><td>Ajena<\/td><td>2 a\u00f1os<\/td><\/tr><tr><td>RED Social Innovation<\/td><td>_gat_gtag_UA_191715615_1<\/td><td>Propria<\/td><td>14 meses<\/td><\/tr><tr><td>doubleclick.net<\/td><td>IDE<\/td><td>Ajena<\/td><td>1 a\u00f1o y 24 dias<\/td><\/tr><tr><td>RED Social Innovation<\/td><td>NID<\/td><td>Propria<\/td><td>6 meses<\/td><\/tr><tr><td>doubleclick.net<\/td><td>test_cookie<\/td><td>Ajena<\/td><td>15 minutos<\/td><\/tr><tr><td>youtube.com<\/td><td>VISITOR_INFO1_LIVE<\/td><td>Ajena<\/td><td>5 meses y 27 dias<\/td><\/tr><\/tbody><\/table><\/figure>\n\n\n\n<p><strong>Cookies de \u00abredes sociales\u00bb<\/strong><\/p>\n\n\n\n<p>Estas cookies son activadas por los servicios ofrecidos en las redes sociales que hemos agregado al sitio web con el fin de darle la oportunidad de compartir nuestro contenido con su red. Esto puede afectar el contenido y los mensajes que se muestran en otros sitios web que visita. Si no permite estas cookies, es posible que no pueda usar o ver estas herramientas para compartir.<\/p>\n\n\n\n<figure class=\"wp-block-table is-style-regular\"><table><tbody><tr><td>Nombre de dominio<\/td><td>Cookies&nbsp;&nbsp;&nbsp;<\/td><td>Cookies usadas<\/td><td>Duraci\u00f3n<\/td><\/tr><tr><td>Twitter<\/td><td>__widgetsettings<\/td><td>Ajena<\/td><td>Sesi\u00f3n<\/td><\/tr><\/tbody><\/table><\/figure>\n\n\n\n<p>4. <strong>Sus opciones con respecto a las cookies<\/strong><\/p>\n\n\n\n<p>El dep\u00f3sito de cookies en su navegador web est\u00e1 sujeto a su consentimiento, con la excepci\u00f3n de las cookies t\u00e9cnicas estrictamente necesarias. Durante su primera visita al sitio web, un banner le informa de la presencia de cookies: se le pedir\u00e1 que acepte o rechace las cookies. Solo se almacenar\u00e1n en su dispositivo si hace clic en \u00abaceptar\u00bb.<\/p>\n\n\n\n<p>Sin embargo, puede retirar su consentimiento en cualquier momento, para todas o algunas de las cookies, excepto las cookies t\u00e9cnicas estrictamente necesarias, como se describe a continuaci\u00f3n.<\/p>\n\n\n\n<p>4.1 <strong>Ajustar la configuraci\u00f3n de su navegador web<\/strong><\/p>\n\n\n\n<p>Puede configurar su navegador web para bloquear o permitir todas las cookies o caso por caso, y para eliminar o ver las que ya est\u00e1n instaladas en su terminal. Si opta por desactivar todas las cookies, le informamos que es posible que algunas funciones o p\u00e1ginas del sitio web no funcionen.<\/p>\n\n\n\n<p>Para saber c\u00f3mo configurar sus cookies, consulte la p\u00e1gina de ayuda de su navegador a continuaci\u00f3n:<br><\/p>\n\n\n\n<p>\u2013&nbsp; &nbsp; &nbsp; &nbsp; &nbsp;&nbsp;<strong>Firefox :<\/strong><a href=\"https:\/\/support.mozilla.org\/fr\/kb\/activer-desactiver-cookies-preferences\">&nbsp;https:\/\/support.mozilla.org\/fr\/kb\/activer-desactiver-cookies-preferences<\/a><\/p>\n\n\n\n<p>\u2013&nbsp; &nbsp; &nbsp; &nbsp; &nbsp;&nbsp;<strong>Internet Explorer :<\/strong><a href=\"https:\/\/support.microsoft.com\/fr-fr\/help\/17442\/windows-internet-explorer-delete-manage-cookies\">&nbsp;https:\/\/support.microsoft.com\/fr-fr\/help\/17442\/windows-internet-explorer-delete-manage-cookies<\/a><\/p>\n\n\n\n<p>\u2013&nbsp; &nbsp; &nbsp; &nbsp; &nbsp;&nbsp;<strong>Google Chrome :<\/strong><a href=\"https:\/\/support.google.com\/chrome\/answer\/95647?co=GENIE.Platform%3DDesktop&amp;hl=fr\"><strong>&nbsp;<\/strong>https:\/\/support.google.com\/chrome\/answer\/95647?co=GENIE.Platform%3DDesktop&amp;hl=fr<\/a><\/p>\n\n\n\n<p>\u2013&nbsp; &nbsp; &nbsp; &nbsp; &nbsp;&nbsp;<strong>Safari :<\/strong><a href=\"https:\/\/support.apple.com\/fr-fr\/guide\/safari\/sfri11471\/mac\">&nbsp;https:\/\/support.apple.com\/fr-fr\/guide\/safari\/sfri11471\/mac<\/a><\/p>\n\n\n\n<p>4.2 <strong>Administre sus cookies en nuestro sitio web<\/strong><\/p>\n\n\n\n<p>Puede administrar sus cookies haciendo clic en el enlace: <strong><a href=\"https:\/\/red-social-innovation.com\/es\/cookies-policy\/#\">Preferencias de cookies<\/a><\/strong>.<\/p>\n\n\n\n<p>Algunas funciones de este sitio web se basan en servicios ofrecidos por terceros. Estas funciones utilizan cookies para mejorar y personalizar las funciones del sitio web, para analizar su navegaci\u00f3n en nuestro sitio web y para proporcionarle anuncios y funciones espec\u00edficas relacionadas con las redes sociales. El dep\u00f3sito de estas cookies en su navegador web est\u00e1 sujeto a su consentimiento.<\/p>\n\n\n\n<p>Puede conocer la naturaleza de las cookies depositadas, y puede aceptarlas o rechazarlas, ya sea globalmente o seg\u00fan el prop\u00f3sito de las cookies depositadas.<\/p>\n\n\n\n<p>5. <strong>Actualizaci\u00f3n de esta pol\u00edtica de cookies<\/strong><\/p>\n\n\n\n<p>Esta pol\u00edtica de cookies est\u00e1 sujeta a cambios en cualquier momento.<\/p>\n\n\n\n<p>Cons\u00faltelo peri\u00f3dicamente en la secci\u00f3n dedicada del sitio web.<\/p>\n\n\n\n<p><em>\u00daltima modificaci\u00f3n: 30\/03\/2021.<\/em><\/p>\n","protected":false},"excerpt":{"rendered":"<p>Objeto y alcanceLa Cruz Roja Francesa y la Cruz Roja Espa\u00f1ola (en adelante, \u00abFRC\u00bb y \u00abSRC\u00bb o \u00abnosotros\u00bb), controladores de&#8230;<\/p>\n","protected":false},"author":5,"featured_media":0,"parent":0,"menu_order":0,"comment_status":"closed","ping_status":"closed","template":"","meta":{"footnotes":""},"acf":[],"yoast_head":"<!-- This site is optimized with the Yoast SEO plugin v21.5 - https:\/\/yoast.com\/wordpress\/plugins\/seo\/ -->\n<title>Pol\u00edtica de cookies - Red Social Innovation<\/title>\n<meta name=\"robots\" content=\"index, follow, max-snippet:-1, max-image-preview:large, max-video-preview:-1\" \/>\n<link rel=\"canonical\" href=\"https:\/\/red-social-innovation.com\/es\/cookies-policy\/\" \/>\n<meta property=\"og:locale\" content=\"es_ES\" \/>\n<meta property=\"og:type\" content=\"article\" \/>\n<meta property=\"og:title\" content=\"Pol\u00edtica de cookies - Red Social Innovation\" \/>\n<meta property=\"og:description\" content=\"Objeto y alcanceLa Cruz Roja Francesa y la Cruz Roja Espa\u00f1ola (en adelante, \u00abFRC\u00bb y \u00abSRC\u00bb o \u00abnosotros\u00bb), controladores de...\" \/>\n<meta property=\"og:url\" content=\"https:\/\/red-social-innovation.com\/es\/cookies-policy\/\" \/>\n<meta property=\"og:site_name\" content=\"Red Social Innovation\" \/>\n<meta property=\"article:modified_time\" content=\"2021-03-31T19:23:40+00:00\" \/>\n<meta name=\"twitter:card\" content=\"summary_large_image\" \/>\n<meta name=\"twitter:label1\" content=\"Tiempo de lectura\" \/>\n\t<meta name=\"twitter:data1\" content=\"6 minutos\" \/>\n<script type=\"application\/ld+json\" class=\"yoast-schema-graph\">{\"@context\":\"https:\/\/schema.org\",\"@graph\":[{\"@type\":\"WebPage\",\"@id\":\"https:\/\/red-social-innovation.com\/es\/cookies-policy\/\",\"url\":\"https:\/\/red-social-innovation.com\/es\/cookies-policy\/\",\"name\":\"Pol\u00edtica de cookies - Red Social Innovation\",\"isPartOf\":{\"@id\":\"https:\/\/50.224.77.34.bc.googleusercontent.com\/fr\/#website\"},\"datePublished\":\"2021-03-18T20:14:44+00:00\",\"dateModified\":\"2021-03-31T19:23:40+00:00\",\"breadcrumb\":{\"@id\":\"https:\/\/red-social-innovation.com\/es\/cookies-policy\/#breadcrumb\"},\"inLanguage\":\"es\",\"potentialAction\":[{\"@type\":\"ReadAction\",\"target\":[\"https:\/\/red-social-innovation.com\/es\/cookies-policy\/\"]}]},{\"@type\":\"BreadcrumbList\",\"@id\":\"https:\/\/red-social-innovation.com\/es\/cookies-policy\/#breadcrumb\",\"itemListElement\":[{\"@type\":\"ListItem\",\"position\":1,\"name\":\"Home\",\"item\":\"https:\/\/50.224.77.34.bc.googleusercontent.com\/es\/\"},{\"@type\":\"ListItem\",\"position\":2,\"name\":\"Pol\u00edtica de cookies\"}]},{\"@type\":\"WebSite\",\"@id\":\"https:\/\/50.224.77.34.bc.googleusercontent.com\/fr\/#website\",\"url\":\"https:\/\/50.224.77.34.bc.googleusercontent.com\/fr\/\",\"name\":\"Red Social Innovation\",\"description\":\"Centro Internacional de Recursos de Innovaci\u00f3n Social\",\"publisher\":{\"@id\":\"https:\/\/50.224.77.34.bc.googleusercontent.com\/fr\/#organization\"},\"potentialAction\":[{\"@type\":\"SearchAction\",\"target\":{\"@type\":\"EntryPoint\",\"urlTemplate\":\"https:\/\/50.224.77.34.bc.googleusercontent.com\/fr\/?s={search_term_string}\"},\"query-input\":\"required name=search_term_string\"}],\"inLanguage\":\"es\"},{\"@type\":\"Organization\",\"@id\":\"https:\/\/50.224.77.34.bc.googleusercontent.com\/fr\/#organization\",\"name\":\"Red Social Innovation\",\"url\":\"https:\/\/50.224.77.34.bc.googleusercontent.com\/fr\/\",\"logo\":{\"@type\":\"ImageObject\",\"inLanguage\":\"es\",\"@id\":\"https:\/\/50.224.77.34.bc.googleusercontent.com\/fr\/#\/schema\/logo\/image\/\",\"url\":\"https:\/\/red-social-innovation.com\/wp-content\/uploads\/2021\/03\/logo-red-social-innovation.svg\",\"contentUrl\":\"https:\/\/red-social-innovation.com\/wp-content\/uploads\/2021\/03\/logo-red-social-innovation.svg\",\"caption\":\"Red Social Innovation\"},\"image\":{\"@id\":\"https:\/\/50.224.77.34.bc.googleusercontent.com\/fr\/#\/schema\/logo\/image\/\"}}]}<\/script>\n<!-- \/ Yoast SEO plugin. -->","yoast_head_json":{"title":"Pol\u00edtica de cookies - Red Social Innovation","robots":{"index":"index","follow":"follow","max-snippet":"max-snippet:-1","max-image-preview":"max-image-preview:large","max-video-preview":"max-video-preview:-1"},"canonical":"https:\/\/red-social-innovation.com\/es\/cookies-policy\/","og_locale":"es_ES","og_type":"article","og_title":"Pol\u00edtica de cookies - Red Social Innovation","og_description":"Objeto y alcanceLa Cruz Roja Francesa y la Cruz Roja Espa\u00f1ola (en adelante, \u00abFRC\u00bb y \u00abSRC\u00bb o \u00abnosotros\u00bb), controladores de...","og_url":"https:\/\/red-social-innovation.com\/es\/cookies-policy\/","og_site_name":"Red Social Innovation","article_modified_time":"2021-03-31T19:23:40+00:00","twitter_card":"summary_large_image","twitter_misc":{"Tiempo de lectura":"6 minutos"},"schema":{"@context":"https:\/\/schema.org","@graph":[{"@type":"WebPage","@id":"https:\/\/red-social-innovation.com\/es\/cookies-policy\/","url":"https:\/\/red-social-innovation.com\/es\/cookies-policy\/","name":"Pol\u00edtica de cookies - Red Social Innovation","isPartOf":{"@id":"https:\/\/50.224.77.34.bc.googleusercontent.com\/fr\/#website"},"datePublished":"2021-03-18T20:14:44+00:00","dateModified":"2021-03-31T19:23:40+00:00","breadcrumb":{"@id":"https:\/\/red-social-innovation.com\/es\/cookies-policy\/#breadcrumb"},"inLanguage":"es","potentialAction":[{"@type":"ReadAction","target":["https:\/\/red-social-innovation.com\/es\/cookies-policy\/"]}]},{"@type":"BreadcrumbList","@id":"https:\/\/red-social-innovation.com\/es\/cookies-policy\/#breadcrumb","itemListElement":[{"@type":"ListItem","position":1,"name":"Home","item":"https:\/\/50.224.77.34.bc.googleusercontent.com\/es\/"},{"@type":"ListItem","position":2,"name":"Pol\u00edtica de cookies"}]},{"@type":"WebSite","@id":"https:\/\/50.224.77.34.bc.googleusercontent.com\/fr\/#website","url":"https:\/\/50.224.77.34.bc.googleusercontent.com\/fr\/","name":"Red Social Innovation","description":"Centro Internacional de Recursos de Innovaci\u00f3n Social","publisher":{"@id":"https:\/\/50.224.77.34.bc.googleusercontent.com\/fr\/#organization"},"potentialAction":[{"@type":"SearchAction","target":{"@type":"EntryPoint","urlTemplate":"https:\/\/50.224.77.34.bc.googleusercontent.com\/fr\/?s={search_term_string}"},"query-input":"required name=search_term_string"}],"inLanguage":"es"},{"@type":"Organization","@id":"https:\/\/50.224.77.34.bc.googleusercontent.com\/fr\/#organization","name":"Red Social Innovation","url":"https:\/\/50.224.77.34.bc.googleusercontent.com\/fr\/","logo":{"@type":"ImageObject","inLanguage":"es","@id":"https:\/\/50.224.77.34.bc.googleusercontent.com\/fr\/#\/schema\/logo\/image\/","url":"https:\/\/red-social-innovation.com\/wp-content\/uploads\/2021\/03\/logo-red-social-innovation.svg","contentUrl":"https:\/\/red-social-innovation.com\/wp-content\/uploads\/2021\/03\/logo-red-social-innovation.svg","caption":"Red Social Innovation"},"image":{"@id":"https:\/\/50.224.77.34.bc.googleusercontent.com\/fr\/#\/schema\/logo\/image\/"}}]}},"_links":{"self":[{"href":"https:\/\/red-social-innovation.com\/es\/wp-json\/wp\/v2\/pages\/1376"}],"collection":[{"href":"https:\/\/red-social-innovation.com\/es\/wp-json\/wp\/v2\/pages"}],"about":[{"href":"https:\/\/red-social-innovation.com\/es\/wp-json\/wp\/v2\/types\/page"}],"author":[{"embeddable":true,"href":"https:\/\/red-social-innovation.com\/es\/wp-json\/wp\/v2\/users\/5"}],"replies":[{"embeddable":true,"href":"https:\/\/red-social-innovation.com\/es\/wp-json\/wp\/v2\/comments?post=1376"}],"version-history":[{"count":5,"href":"https:\/\/red-social-innovation.com\/es\/wp-json\/wp\/v2\/pages\/1376\/revisions"}],"predecessor-version":[{"id":1938,"href":"https:\/\/red-social-innovation.com\/es\/wp-json\/wp\/v2\/pages\/1376\/revisions\/1938"}],"wp:attachment":[{"href":"https:\/\/red-social-innovation.com\/es\/wp-json\/wp\/v2\/media?parent=1376"}],"curies":[{"name":"wp","href":"https:\/\/api.w.org\/{rel}","templated":true}]}}