{"id":1382,"date":"2021-03-18T21:19:53","date_gmt":"2021-03-18T20:19:53","guid":{"rendered":"https:localhost:8888\/red-social-innovation\/?page_id=1382"},"modified":"2021-03-19T11:18:37","modified_gmt":"2021-03-19T10:18:37","slug":"la-gestion-de-sus-datos-personales-y-sus-derechos","status":"publish","type":"page","link":"https:\/\/red-social-innovation.com\/es\/la-gestion-de-sus-datos-personales-y-sus-derechos\/","title":{"rendered":"La gesti\u00f3n de sus datos personales y sus derechos"},"content":{"rendered":"\n<p>Sus datos personales recogidos en este formulario son registrados en un fichero inform\u00e1tico por los controladores de Cruz Roja Francesa (CRf) y Cruz Roja Espa\u00f1ola (CRe) para la publicaci\u00f3n y gesti\u00f3n online de los proyectos en el sitio web, as\u00ed como para las actividades de prospecci\u00f3n y comunicaci\u00f3n relacionadas con las acciones y proyectos de FRC y SRC, y encuestas sobre su experiencia en el sitio web, a menos que se oponga a ellos, salvo que se oponga a ello.<\/p>\n\n\n\n<p>Las bases legales para el procesamiento son:<\/p>\n\n\n\n<p>&#8211; Para la publicaci\u00f3n y gesti\u00f3n de proyectos en el sitio web, y para las actividades de prospecci\u00f3n, comunicaci\u00f3n y sensibilizaci\u00f3n relativas a sus acciones y proyectos y encuestas sobre su experiencia en este sitio: los intereses leg\u00edtimo de la CRf y la CRe para gestionar sus relaciones con usted, y comunicarle informaci\u00f3n relativa a sus acciones y proyectos en el marco del desarrollo de la CRf y la CRe.<\/p>\n\n\n\n<p>&#8211; Para la gesti\u00f3n de su derecho de oposici\u00f3n a recibir operaciones de prospecci\u00f3n y comunicaci\u00f3n: obligaci\u00f3n legal de la CRf y la CRe.<\/p>\n\n\n\n<p>Se deben proporcionar los datos marcados con un asterisco en el formulario de recogida de datos personales. De lo contrario, el CRf y el CRe no podr\u00e1n procesar su solicitud (no validaci\u00f3n del formulario).<\/p>\n\n\n\n<p>Los destinatarios de sus datos personales ser\u00e1n los servicios y personas autorizadas de la CRf y la CRe. Sin embargo, sus datos personales pueden ser comunicados a proveedores de servicios y socios t\u00e9cnicos para lograr ciertos objetivos en nuestro nombre (por ejemplo, proveedor de servicios a cargo del desarrollo y mantenimiento del sitio web, proveedor de servicios a cargo del alojamiento del sitio, etc.). Como tal, se especifica que este \u00faltimo:<\/p>\n\n\n\n<p>&#8211; tener acceso limitado a sus datos personales, solo para el desempe\u00f1o de sus servicios;<\/p>\n\n\n\n<p>&#8211; tener la obligaci\u00f3n contractual de utilizarlos de acuerdo con nuestras instrucciones y con las disposiciones legales sobre protecci\u00f3n de datos personales;<\/p>\n\n\n\n<p>&#8211; es probable que se encuentren fuera de la Uni\u00f3n Europea, en particular en pa\u00edses que no garantizan un nivel adecuado de protecci\u00f3n de datos. En este caso, estas transferencias de datos est\u00e1n cubiertas por las garant\u00edas adecuadas y, en particular, la firma de cl\u00e1usulas est\u00e1ndar de protecci\u00f3n de datos adoptadas por la Comisi\u00f3n Europea.<\/p>\n\n\n\n<p>Los datos se guardan para:<\/p>\n\n\n\n<p>&#8211; Para la gesti\u00f3n y publicaci\u00f3n en l\u00ednea de los proyectos en el sitio web: hasta la eliminaci\u00f3n de su proyecto, o hasta la eliminaci\u00f3n de su proyecto por decisi\u00f3n conjunta de la CRf y la CRe despu\u00e9s de haberle informado por escrito;<\/p>\n\n\n\n<p>&#8211; Para operaciones de prospecci\u00f3n, comunicaci\u00f3n y sensibilizaci\u00f3n relacionadas con las acciones y proyectos de la CRf y la CRe: 2 a\u00f1os desde su \u00faltimo contacto con la CRf y \/ o la CRe luego supresi\u00f3n.<\/p>\n\n\n\n<p>&#8211; Para la gesti\u00f3n de su derecho de oposici\u00f3n a recibir operaciones de prospecci\u00f3n, comunicaci\u00f3n y sensibilizaci\u00f3n: 3 a\u00f1os desde el ejercicio del derecho de oposici\u00f3n.<\/p>\n\n\n\n<p>Tiene derecho de acceso y derecho a rectificar sus datos. En ciertos casos, tiene derecho a borrar y a limitar el procesamiento. Tambi\u00e9n tiene derecho a oponerse a que se procesen sus datos personales y a oponerse a que sus datos se utilicen con fines de prospecci\u00f3n.<\/p>\n\n\n\n<p>De acuerdo con el art\u00edculo 26 del Reglamento General de Protecci\u00f3n de Datos de 27 de abril de 2016 (Reglamento (UE) 2016\/679), puede ejercer sus derechos tanto en lo que respecta a la CRe como a la CRf.<\/p>\n\n\n\n<p>A fin para facilitar el ejercicio de sus derechos, el Delegado de Protecci\u00f3n de Datos de Cruz Roja Espa\u00f1ola es su punto de contacto: puede ponerse en contacto con \u00e9l por correo electr\u00f3nico en: <em>dpo@cruzroja.es<\/em> o por correo postal, indicando el departamento correspondiente, a la siguiente direcci\u00f3n:<\/p>\n\n\n\n<p><strong>Cruz Roja Espa\u00f1ola<br><\/strong>Delegado de protecci\u00f3n de datos<br>C \/ Av. Reina Victoria 26-28<br>28003 Madrid Direcci\u00f3n<\/p>\n\n\n\n<p>Si cree que no se respetan suficientemente sus derechos, puede presentar una reclamaci\u00f3n ante la Autoridad Espa\u00f1ola de Protecci\u00f3n de Datos (AEPD) en <a href=\"http:\/\/www.aepd.es\">www.aepd.es<\/a>.<\/p>\n\n\n\n<p>Si desea ponerse en contacto con el responsable de protecci\u00f3n de datos de la Cruz Roja Francesa, puede hacerlo por correo electr\u00f3nico a <em>dpo@croix-rouge.fr<\/em>, o por correo postal, indicando el departamento en cuesti\u00f3n, en la siguiente direcci\u00f3n:<\/p>\n\n\n\n<p><strong>Cruz Roja Francesa<\/strong><br>Delegado de protecci\u00f3n de datos<br>98 Didot Street<br>75014 Par\u00eds<\/p>\n\n\n\n<p>Si siente que sus derechos de \u201cComputaci\u00f3n y Libertades\u201d no han sido respetados, puede presentar una denuncia ante la Comisi\u00f3n Nacional de Computaci\u00f3n y Libertades o CNIL, designada por el CRf y el CRe como m\u00e1xima autoridad de control en l\u00ednea.<\/p>\n","protected":false},"excerpt":{"rendered":"<p>Sus datos personales recogidos en este formulario son registrados en un fichero inform\u00e1tico por los controladores de Cruz Roja Francesa&#8230;<\/p>\n","protected":false},"author":5,"featured_media":0,"parent":0,"menu_order":0,"comment_status":"closed","ping_status":"closed","template":"","meta":{"footnotes":""},"acf":[],"yoast_head":"<!-- This site is optimized with the Yoast SEO plugin v21.5 - https:\/\/yoast.com\/wordpress\/plugins\/seo\/ -->\n<title>La gesti\u00f3n de sus datos personales y sus derechos - Red Social Innovation<\/title>\n<meta name=\"robots\" content=\"index, follow, max-snippet:-1, max-image-preview:large, max-video-preview:-1\" \/>\n<link rel=\"canonical\" href=\"https:\/\/red-social-innovation.com\/es\/la-gestion-de-sus-datos-personales-y-sus-derechos\/\" \/>\n<meta property=\"og:locale\" content=\"es_ES\" \/>\n<meta property=\"og:type\" content=\"article\" \/>\n<meta property=\"og:title\" content=\"La gesti\u00f3n de sus datos personales y sus derechos - Red Social Innovation\" \/>\n<meta property=\"og:description\" content=\"Sus datos personales recogidos en este formulario son registrados en un fichero inform\u00e1tico por los controladores de Cruz Roja Francesa...\" \/>\n<meta property=\"og:url\" content=\"https:\/\/red-social-innovation.com\/es\/la-gestion-de-sus-datos-personales-y-sus-derechos\/\" \/>\n<meta property=\"og:site_name\" content=\"Red Social Innovation\" \/>\n<meta property=\"article:modified_time\" content=\"2021-03-19T10:18:37+00:00\" \/>\n<meta name=\"twitter:card\" content=\"summary_large_image\" \/>\n<meta name=\"twitter:label1\" content=\"Tiempo de lectura\" \/>\n\t<meta name=\"twitter:data1\" content=\"4 minutos\" \/>\n<script type=\"application\/ld+json\" class=\"yoast-schema-graph\">{\"@context\":\"https:\/\/schema.org\",\"@graph\":[{\"@type\":\"WebPage\",\"@id\":\"https:\/\/red-social-innovation.com\/es\/la-gestion-de-sus-datos-personales-y-sus-derechos\/\",\"url\":\"https:\/\/red-social-innovation.com\/es\/la-gestion-de-sus-datos-personales-y-sus-derechos\/\",\"name\":\"La gesti\u00f3n de sus datos personales y sus derechos - Red Social Innovation\",\"isPartOf\":{\"@id\":\"https:\/\/red-social-innovation.com\/es\/#website\"},\"datePublished\":\"2021-03-18T20:19:53+00:00\",\"dateModified\":\"2021-03-19T10:18:37+00:00\",\"breadcrumb\":{\"@id\":\"https:\/\/red-social-innovation.com\/es\/la-gestion-de-sus-datos-personales-y-sus-derechos\/#breadcrumb\"},\"inLanguage\":\"es\",\"potentialAction\":[{\"@type\":\"ReadAction\",\"target\":[\"https:\/\/red-social-innovation.com\/es\/la-gestion-de-sus-datos-personales-y-sus-derechos\/\"]}]},{\"@type\":\"BreadcrumbList\",\"@id\":\"https:\/\/red-social-innovation.com\/es\/la-gestion-de-sus-datos-personales-y-sus-derechos\/#breadcrumb\",\"itemListElement\":[{\"@type\":\"ListItem\",\"position\":1,\"name\":\"Home\",\"item\":\"http:\/\/34.77.224.50\/es\/\"},{\"@type\":\"ListItem\",\"position\":2,\"name\":\"La gesti\u00f3n de sus datos personales y sus derechos\"}]},{\"@type\":\"WebSite\",\"@id\":\"https:\/\/red-social-innovation.com\/es\/#website\",\"url\":\"https:\/\/red-social-innovation.com\/es\/\",\"name\":\"Red Social Innovation\",\"description\":\"Centro Internacional de Recursos de Innovaci\u00f3n Social\",\"publisher\":{\"@id\":\"https:\/\/red-social-innovation.com\/es\/#organization\"},\"potentialAction\":[{\"@type\":\"SearchAction\",\"target\":{\"@type\":\"EntryPoint\",\"urlTemplate\":\"https:\/\/red-social-innovation.com\/es\/?s={search_term_string}\"},\"query-input\":\"required name=search_term_string\"}],\"inLanguage\":\"es\"},{\"@type\":\"Organization\",\"@id\":\"https:\/\/red-social-innovation.com\/es\/#organization\",\"name\":\"Red Social Innovation\",\"url\":\"https:\/\/red-social-innovation.com\/es\/\",\"logo\":{\"@type\":\"ImageObject\",\"inLanguage\":\"es\",\"@id\":\"https:\/\/red-social-innovation.com\/es\/#\/schema\/logo\/image\/\",\"url\":\"https:\/\/red-social-innovation.com\/wp-content\/uploads\/2021\/03\/logo-red-social-innovation.svg\",\"contentUrl\":\"https:\/\/red-social-innovation.com\/wp-content\/uploads\/2021\/03\/logo-red-social-innovation.svg\",\"caption\":\"Red Social Innovation\"},\"image\":{\"@id\":\"https:\/\/red-social-innovation.com\/es\/#\/schema\/logo\/image\/\"}}]}<\/script>\n<!-- \/ Yoast SEO plugin. -->","yoast_head_json":{"title":"La gesti\u00f3n de sus datos personales y sus derechos - Red Social Innovation","robots":{"index":"index","follow":"follow","max-snippet":"max-snippet:-1","max-image-preview":"max-image-preview:large","max-video-preview":"max-video-preview:-1"},"canonical":"https:\/\/red-social-innovation.com\/es\/la-gestion-de-sus-datos-personales-y-sus-derechos\/","og_locale":"es_ES","og_type":"article","og_title":"La gesti\u00f3n de sus datos personales y sus derechos - Red Social Innovation","og_description":"Sus datos personales recogidos en este formulario son registrados en un fichero inform\u00e1tico por los controladores de Cruz Roja Francesa...","og_url":"https:\/\/red-social-innovation.com\/es\/la-gestion-de-sus-datos-personales-y-sus-derechos\/","og_site_name":"Red Social Innovation","article_modified_time":"2021-03-19T10:18:37+00:00","twitter_card":"summary_large_image","twitter_misc":{"Tiempo de lectura":"4 minutos"},"schema":{"@context":"https:\/\/schema.org","@graph":[{"@type":"WebPage","@id":"https:\/\/red-social-innovation.com\/es\/la-gestion-de-sus-datos-personales-y-sus-derechos\/","url":"https:\/\/red-social-innovation.com\/es\/la-gestion-de-sus-datos-personales-y-sus-derechos\/","name":"La gesti\u00f3n de sus datos personales y sus derechos - Red Social Innovation","isPartOf":{"@id":"https:\/\/red-social-innovation.com\/es\/#website"},"datePublished":"2021-03-18T20:19:53+00:00","dateModified":"2021-03-19T10:18:37+00:00","breadcrumb":{"@id":"https:\/\/red-social-innovation.com\/es\/la-gestion-de-sus-datos-personales-y-sus-derechos\/#breadcrumb"},"inLanguage":"es","potentialAction":[{"@type":"ReadAction","target":["https:\/\/red-social-innovation.com\/es\/la-gestion-de-sus-datos-personales-y-sus-derechos\/"]}]},{"@type":"BreadcrumbList","@id":"https:\/\/red-social-innovation.com\/es\/la-gestion-de-sus-datos-personales-y-sus-derechos\/#breadcrumb","itemListElement":[{"@type":"ListItem","position":1,"name":"Home","item":"http:\/\/34.77.224.50\/es\/"},{"@type":"ListItem","position":2,"name":"La gesti\u00f3n de sus datos personales y sus derechos"}]},{"@type":"WebSite","@id":"https:\/\/red-social-innovation.com\/es\/#website","url":"https:\/\/red-social-innovation.com\/es\/","name":"Red Social Innovation","description":"Centro Internacional de Recursos de Innovaci\u00f3n Social","publisher":{"@id":"https:\/\/red-social-innovation.com\/es\/#organization"},"potentialAction":[{"@type":"SearchAction","target":{"@type":"EntryPoint","urlTemplate":"https:\/\/red-social-innovation.com\/es\/?s={search_term_string}"},"query-input":"required name=search_term_string"}],"inLanguage":"es"},{"@type":"Organization","@id":"https:\/\/red-social-innovation.com\/es\/#organization","name":"Red Social Innovation","url":"https:\/\/red-social-innovation.com\/es\/","logo":{"@type":"ImageObject","inLanguage":"es","@id":"https:\/\/red-social-innovation.com\/es\/#\/schema\/logo\/image\/","url":"https:\/\/red-social-innovation.com\/wp-content\/uploads\/2021\/03\/logo-red-social-innovation.svg","contentUrl":"https:\/\/red-social-innovation.com\/wp-content\/uploads\/2021\/03\/logo-red-social-innovation.svg","caption":"Red Social Innovation"},"image":{"@id":"https:\/\/red-social-innovation.com\/es\/#\/schema\/logo\/image\/"}}]}},"_links":{"self":[{"href":"https:\/\/red-social-innovation.com\/es\/wp-json\/wp\/v2\/pages\/1382"}],"collection":[{"href":"https:\/\/red-social-innovation.com\/es\/wp-json\/wp\/v2\/pages"}],"about":[{"href":"https:\/\/red-social-innovation.com\/es\/wp-json\/wp\/v2\/types\/page"}],"author":[{"embeddable":true,"href":"https:\/\/red-social-innovation.com\/es\/wp-json\/wp\/v2\/users\/5"}],"replies":[{"embeddable":true,"href":"https:\/\/red-social-innovation.com\/es\/wp-json\/wp\/v2\/comments?post=1382"}],"version-history":[{"count":1,"href":"https:\/\/red-social-innovation.com\/es\/wp-json\/wp\/v2\/pages\/1382\/revisions"}],"predecessor-version":[{"id":1383,"href":"https:\/\/red-social-innovation.com\/es\/wp-json\/wp\/v2\/pages\/1382\/revisions\/1383"}],"wp:attachment":[{"href":"https:\/\/red-social-innovation.com\/es\/wp-json\/wp\/v2\/media?parent=1382"}],"curies":[{"name":"wp","href":"https:\/\/api.w.org\/{rel}","templated":true}]}}