{"id":323,"date":"2021-03-02T17:04:29","date_gmt":"2021-03-02T16:04:29","guid":{"rendered":"https:localhost:8888\/red-social-innovation\/?page_id=323"},"modified":"2024-04-11T08:18:07","modified_gmt":"2024-04-11T06:18:07","slug":"about-spanish","status":"publish","type":"page","link":"https:\/\/red-social-innovation.com\/es\/about-spanish\/","title":{"rendered":"Con\u00f3cenos"},"content":{"rendered":"\n<div class=\"wp-block-columns is-layout-flex wp-container-core-columns-layout-1 wp-block-columns-is-layout-flex\">\n<div class=\"wp-block-column sticky is-layout-flow wp-block-column-is-layout-flow\" style=\"flex-basis:33.33%\">\n<h2 class=\"wp-block-heading\"><strong>RED Social Innovation<\/strong><\/h2>\n<\/div>\n\n\n\n<div class=\"wp-block-column is-layout-flow wp-block-column-is-layout-flow\" style=\"flex-basis:66.66%\">\n<figure class=\"wp-block-image size-large\"><img decoding=\"async\" width=\"1024\" height=\"185\" src=\"http:localhost:8888\/red-social-innovation\/wp-content\/uploads\/2021\/03\/signature-1024x185.png\" alt=\"\" class=\"wp-image-922\" srcset=\"https:\/\/red-social-innovation.com\/wp-content\/uploads\/2021\/03\/signature-1024x185.png 1024w, https:\/\/red-social-innovation.com\/wp-content\/uploads\/2021\/03\/signature-300x54.png 300w, https:\/\/red-social-innovation.com\/wp-content\/uploads\/2021\/03\/signature-1536x277.png 1536w, https:\/\/red-social-innovation.com\/wp-content\/uploads\/2021\/03\/signature-2048x370.png 2048w\" sizes=\"(max-width: 1024px) 100vw, 1024px\" \/><\/figure>\n\n\n\n<p>Mientras que los modelos socioecon\u00f3micos heredados del siglo XX muestran su limitaci\u00f3n para responder a los desaf\u00edos actuales,las crisis clim\u00e1ticas y de salud est\u00e1n trastocando nuestro tejido social y acentuando las desigualdades en todo el mundo.&nbsp; Desde su creaci\u00f3n en 1863, el Movimiento Internacional de la Cruz Roja y de la Media Luna Roja, que comprende 192 Sociedades Nacionales de todo el mundo, lucha por una sociedad m\u00e1s humanitaria en la que se apoye y se proteja a las personas m\u00e1s vulnerables.&nbsp;<\/p>\n\n\n\n<p>Teniendo en cuenta la complejidad de acceso a los recursos financieros y con el fin de dar respuesta a la constante evoluci\u00f3n de las necesidades sociales, el Movimiento Internacional fomenta la innovaci\u00f3n abierta y la experimentaci\u00f3n local de tal modo que se maximice el impacto social de sus actividades.<\/p>\n\n\n\n<p>RED Social Innovation es un centro internacional de recursos destinado a la innovaci\u00f3n social. Con el apoyo de la Cruz Roja Francesa y la Cruz Roja Espa\u00f1ola, su objetivo es probar, escalar y promover las innovaciones sociales creadas y desarrolladas dentro del Movimiento Internacional de la Cruz Roja y de la Media Luna Roja, as\u00ed como aquellas producidas por actores p\u00fablicos y privados.<\/p>\n\n\n\n<p>La Cruz Roja Francesa, a trav\u00e9s de 21, su Acelerador de Innovaci\u00f3n Social y la Cruz Roja Espa\u00f1ola, a trav\u00e9s de la Fundaci\u00f3n Tecnolog\u00edas Sociales, TECSOS, llevan muchos a\u00f1os comprometidos en la transformaci\u00f3n de su impacto social a trav\u00e9s de la innovaci\u00f3n social y tecnol\u00f3gica. RED Social Innovation es una extensi\u00f3n&nbsp; de este enfoque a escala internacional.<\/p>\n\n\n\n<p>Los objetivos de RED Social Innovation son :<\/p>\n\n\n\n<ol>\n<li><strong>Compartir <\/strong>buenas pr\u00e1cticas de transformaci\u00f3n e innovaci\u00f3n social con el mayor n\u00famero de personas para estar mejor preparados ante futuros cambios socioecon\u00f3micos.&nbsp;<\/li>\n\n\n\n<li><strong>Facilitar<\/strong> la transferencia de conocimientos entre Sociedades Nacionales innovadoras y aquellas que necesiten apoyo.<\/li>\n\n\n\n<li><strong>Apoyar<\/strong> la innovaci\u00f3n abierta e inclusiva mediante el intercambio de metodolog\u00edas, soluciones, y resultados.<\/li>\n\n\n\n<li><strong>Crear <\/strong>sinergias entre asociaciones, otros actores dentro de la Econom\u00eda Social y Solidaria, y el sector privado<\/li>\n<\/ol>\n\n\n\n<p>Para lograrlo, RED Social Innovation ofrece :<\/p>\n\n\n\n<ol>\n<li><strong>Fichas t\u00e9cnicas<\/strong> que presentan soluciones innovadoras en los \u00e1mbitos social, m\u00e9dico-social y sanitario. Estos art\u00edculos est\u00e1n disponibles en tres idiomas: franc\u00e9s, espa\u00f1ol e ingl\u00e9s;<\/li>\n\n\n\n<li><strong>Un bolet\u00edn mensual <\/strong>personalizable que ofrece una selecci\u00f3n de las mejores publicaciones de la plataforma<\/li>\n\n\n\n<li><strong>Una publicaci\u00f3n anual <\/strong>que contiene las soluciones m\u00e1s innovadoras desarrolladas dentro del Movimiento.<\/li>\n<\/ol>\n<\/div>\n<\/div>\n\n\n\n<div class=\"wp-block-columns is-layout-flex wp-container-core-columns-layout-2 wp-block-columns-is-layout-flex\">\n<div class=\"wp-block-column sticky is-layout-flow wp-block-column-is-layout-flow\" style=\"flex-basis:33.33%\">\n<h2 class=\"wp-block-heading\"><strong>Qu\u00e9 es la innovaci\u00f3n social?<\/strong><\/h2>\n<\/div>\n\n\n\n<div class=\"wp-block-column is-layout-flow wp-block-column-is-layout-flow\" style=\"flex-basis:66.66%\">\n<p><strong>Qu\u00e9 es la innovaci\u00f3n social?<\/strong><\/p>\n\n\n\n<p>La innovaci\u00f3n social es el conjunto de soluciones creadas para responder a las nuevas necesidades sociales o que necesitan atenci\u00f3n. Aporta alternativas efectivas a problemas complejos que no pueden ser abordados ni por el estado ni el mercado. Hasta los a\u00f1os 1970, el concepto de innovaci\u00f3n social estuvo vinculado al uso de nuevas tecnolog\u00edas. Desde entonces, su definici\u00f3n ha evolucionado y hoy se refiere a la idea de \u00abhacer las cosas de manera diferente\u00bb con el fin de servir al bien com\u00fan.&nbsp;<\/p>\n\n\n\n<p>Todos los actores de la sociedad pueden participar en la innovaci\u00f3n social, incluyendo el voluntariado. Al imaginar nuevos modelos socioecon\u00f3micos, crear nuevos usos para la tecnolog\u00eda o transformar nuestra forma de trabajar, la innovaci\u00f3n social nos permite actuar de la forma m\u00e1s adecuada y eficiente posible para hacer frente a todas las formas de vulnerabilidad.<\/p>\n\n\n\n<p>Aunque el concepto de \u201cinnovaci\u00f3n social\u201d tenga m\u00faltiples definiciones seg\u00fan el contexto hist\u00f3rico y cultural de cada pa\u00eds, siempre consta de las cuatro siguientes caracter\u00edsticas: la soluci\u00f3n responde a una necesidad social, tiene car\u00e1cter innovador, transforma las relaciones sociales, y aumenta la capacidad de actuar dentro de la sociedad. <em>Social Innovation: Origins, Definitions, and Main Elements, 2019<\/em><\/p>\n<\/div>\n<\/div>\n\n\n\n<div class=\"wp-block-columns is-layout-flex wp-container-core-columns-layout-3 wp-block-columns-is-layout-flex\">\n<div class=\"wp-block-column sticky is-layout-flow wp-block-column-is-layout-flow\" style=\"flex-basis:33.33%\">\n<h2 class=\"wp-block-heading\"><strong>Los criterios de selecci\u00f3n&nbsp;<\/strong><\/h2>\n<\/div>\n\n\n\n<div class=\"wp-block-column is-layout-flow wp-block-column-is-layout-flow\" style=\"flex-basis:66.66%\">\n<p>El car\u00e1cter innovador de una soluci\u00f3n desde el punto de vista organizativo ser\u00e1 evaluado por la Cruz Roja Francesa y 21 seg\u00fan los siguientes cuatro criterios:<\/p>\n\n\n\n<p>1. <strong>Necesidades sociales u organizativas<\/strong> &#8211; La soluci\u00f3n contribuye eficazmente a satisfacer una necesidad social o un reto organizativo al que se enfrentan una o m\u00e1s Sociedades Nacionales.<\/p>\n\n\n\n<p>2. <strong>Valor a\u00f1adido<\/strong> &#8211; La soluci\u00f3n aporta una respuesta nueva e innovadora a una necesidad social u organizativa.&nbsp;<\/p>\n\n\n\n<p>3. <strong>Impacto social <\/strong>&#8211; La soluci\u00f3n ha obtenido resultados positivos tras la primera fase de experimentaci\u00f3n o su potencial de impacto es prometedor.<\/p>\n\n\n\n<p>4.<strong> Inter\u00e9s estrat\u00e9gico <\/strong>&#8211; La soluci\u00f3n aumenta el impacto de las actividades de una o m\u00e1s Sociedades Nacionales del Movimiento de la Cruz Roja y de la Media Luna Roja.<\/p>\n\n\n\n<p>El car\u00e1cter innovador de una soluci\u00f3n desde el punto de vista tecnol\u00f3gico ser\u00e1 evaluado por Cruz Roja Espa\u00f1ola y TECSOS seg\u00fan los siguientes cuatro criterios:<\/p>\n\n\n\n<p>1. <strong>Reto social <\/strong>&#8211; La soluci\u00f3n hace uso de la tecnolog\u00eda para responder a una necesidad social u organizacional previamente identificada, y as\u00ed mejorar la calidad de vida de todos aquellos afectados.<\/p>\n\n\n\n<p>2.<strong> Innovaci\u00f3n Tecnol\u00f3gica Aplicada<\/strong> &#8211; La soluci\u00f3n se basa en una o m\u00e1s tecnolog\u00edas desarrolladas recientemente o se le da un nuevo enfoque a una tecnolog\u00eda ya existente.&nbsp;<\/p>\n\n\n\n<p>3. <strong>Accesibilidad <\/strong>&#8211; La soluci\u00f3n es accesible para el mayor n\u00famero de personas posible, independientemente de su cultura, edad, discapacidad o situaci\u00f3n socioecon\u00f3mica.<\/p>\n\n\n\n<p>4. <strong>Viabilidad<\/strong> &#8211; La soluci\u00f3n se basa en una soluci\u00f3n tecnol\u00f3gica eficiente, replicable y escalable, que puede trasladarse a otros territorios, poblaciones vulnerables o Sociedades Nacionales.<\/p>\n<\/div>\n<\/div>\n\n\n\n<div class=\"wp-block-columns is-layout-flex wp-container-core-columns-layout-4 wp-block-columns-is-layout-flex\">\n<div class=\"wp-block-column sticky is-layout-flow wp-block-column-is-layout-flow\" style=\"flex-basis:33.33%\">\n<h2 class=\"wp-block-heading\"><strong><strong>La gobernanza<\/strong><\/strong><\/h2>\n<\/div>\n\n\n\n<div class=\"wp-block-column is-layout-flow wp-block-column-is-layout-flow\" style=\"flex-basis:66.66%\">\n<p><strong>Consejo de Administraci\u00f3n<\/strong> | El consejo de administraci\u00f3n de RED Social Innovation est\u00e1 compuesto por cuatro entidades: Cruz Roja Francesa, Cruz Roja Espa\u00f1ola, Fundaci\u00f3n TECSOS, y 21, el acelerador de innovaci\u00f3n social de la Cruz Roja Francesa.<\/p>\n\n\n\n<figure class=\"wp-block-image size-large\"><img decoding=\"async\" width=\"1024\" height=\"136\" src=\"https:\/\/red-social-innovation.com\/wp-content\/uploads\/2024\/04\/signature-all-red-crosses-1024x136.jpg\" alt=\"\" class=\"wp-image-7817\" srcset=\"https:\/\/red-social-innovation.com\/wp-content\/uploads\/2024\/04\/signature-all-red-crosses-1024x136.jpg 1024w, https:\/\/red-social-innovation.com\/wp-content\/uploads\/2024\/04\/signature-all-red-crosses-300x40.jpg 300w, https:\/\/red-social-innovation.com\/wp-content\/uploads\/2024\/04\/signature-all-red-crosses-1536x204.jpg 1536w, https:\/\/red-social-innovation.com\/wp-content\/uploads\/2024\/04\/signature-all-red-crosses.jpg 1873w\" sizes=\"(max-width: 1024px) 100vw, 1024px\" \/><\/figure>\n\n\n\n<p><strong>La Cruz Roja Francesa<\/strong><\/p>\n\n\n\n<p>La Cruz Roja Francesa es una asociaci\u00f3n declarada de utilidad p\u00fablica que se propone prevenir y aliviar todo sufrimiento humano sin discriminaci\u00f3n desde hace m\u00e1s de 150 a\u00f1os. Con su historia, sus ra\u00edces en todos los departamentos de Francia metropolitana y ultramar, su participaci\u00f3n en el mayor movimiento humanitario y social del mundo, es la organizaci\u00f3n social l\u00edder en Francia. La Asociaci\u00f3n cuenta con el compromiso diario de 59.000 voluntarios en 1.000 unidades locales y 17.000 empleados que trabajan en 664 establecimientos sanitarios, sociales y m\u00e9dico-sociales, y de formaci\u00f3n.<\/p>\n\n\n\n<p>La Cruz Roja Francesa interviene principalmente en las siguientes \u00e1reas: formaci\u00f3n en carreras sanitarias y sociales, profesiones sanitarias, sociales y m\u00e9dico-sociales, acci\u00f3n social, acci\u00f3n internacional, operaciones de emergencia y primeros auxilios.<\/p>\n\n\n\n<p><strong>La Cruz Roja Espa\u00f1ola<\/strong><\/p>\n\n\n\n<p>Cruz Roja Espa\u00f1ola (CRE) es una Organizaci\u00f3n Humanitaria miembro del Movimiento Internacional de Sociedades Nacionales de la Cruz Roja y de la Media Luna Roja y una de las mayores entidades de la sociedad civil en Espa\u00f1a. Cruz Roja Espa\u00f1ola como organizaci\u00f3n humanitaria de car\u00e1cter voluntario, fuertemente arraigada en la sociedad, da respuestas integrales a las personas vulnerables desde una perspectiva de desarrollo humano y comunitario reforzando sus capacidades individuales en su contexto social.<\/p>\n\n\n\n<p>La organizaci\u00f3n est\u00e1 formada por profesionales y voluntarios y distribuida geogr\u00e1ficamente a trav\u00e9s 665 de las delegaciones locales, abarcando diferentes contextos (tanto rurales como urbanos). Las actividades y programas de la entidad est\u00e1n dirigidas a diferentes sectores de la poblaci\u00f3n (personas mayores, inmigrantes y refugiados, ni\u00f1os y j\u00f3venes en dificultades sociales, mujeres v\u00edctimas de violencia de g\u00e9nero, desempleados\u2026) principalmente a los m\u00e1s desprotegidos. Toda esta actividad se organiza en \u00c1reas de Conocimiento, siendo las principales: Socorros, Inclusi\u00f3n Social, Empleo, Salud, Educaci\u00f3n Medio Ambiente. Esto es posible gracias a la labor de 231.053 voluntarios y a 13.342 profesionales multidisciplinares: trabajadores sociales, m\u00e9dicos, psic\u00f3logas, terapeutas, enfermeras, psic\u00f3logos, ingenieros, etc.<\/p>\n\n\n\n<p>En 2019, las personas que han recibido servicios a trav\u00e9s de los programas de Cruz Roja Espa\u00f1ola han sido 2.849.827, y 11.589.787 el n\u00famero de personas beneficiarias de las acciones nacionales, internacionales y de sensibilizaci\u00f3n.&nbsp;<\/p>\n\n\n\n<p>La misi\u00f3n de CRE es estar cada vez m\u00e1s cerca de las personas vulnerables en los \u00e1mbitos nacional e internacional, a trav\u00e9s de acciones integradas, realizadas esencialmente por voluntariado y con una amplia participaci\u00f3n social y presencia territorial.<\/p>\n\n\n\n<p><strong>21, Acelerador de Innovaci\u00f3n Social de la Cruz Roja Francesa<\/strong><\/p>\n\n\n\n<p>21 es un espacio de 1000m\u00b2 dedicado a la innovaci\u00f3n social ubicado en la sede de la Cruz Roja francesa en Montrouge, Paris. Compuesto por un espacio de <em>coworking<\/em> y un estudio digital, 21 lleva un conjunto de programas de apoyo a proyectos con impacto social.<\/p>\n\n\n\n<p><strong>La Fundaci\u00f3n TECSOS<\/strong><\/p>\n\n\n\n<p>La Fundaci\u00f3n Tecnolog\u00edas Sociales \u2013 TECSOS, Fundaci\u00f3n sin \u00e1nimo de lucro creada en el a\u00f1o 2002, a trav\u00e9s del impulso conjunto de la <a href=\"http:\/\/www.cruzroja.es\/\">Cruz Roja Espa\u00f1ola<\/a> y la <a href=\"http:\/\/www.fundacionvodafone.es\/\">Fundaci\u00f3n Vodafone Espa\u00f1a<\/a>. En la Fundaci\u00f3n TECSOS se unen la experiencia social y la excelencia tecnol\u00f3gica de cada una de las entidades, con el objetivo de afrontar las necesidades y respuestas sociales mediante la innovaci\u00f3n tecnol\u00f3gica a trav\u00e9s de las Tecnolog\u00edas de la Informaci\u00f3n y la Comunicaci\u00f3n de manera responsable, contribuyendo a la mejora de las competencias de las personas y prestando especial atenci\u00f3n a las m\u00e1s vulnerables.<\/p>\n<\/div>\n<\/div>\n\n\n\n<div class=\"wp-block-columns is-layout-flex wp-container-core-columns-layout-5 wp-block-columns-is-layout-flex\">\n<div class=\"wp-block-column sticky is-layout-flow wp-block-column-is-layout-flow\" style=\"flex-basis:33.33%\">\n<h2 class=\"wp-block-heading\"><strong><strong>Organizaciones asociadas<\/strong><\/strong><\/h2>\n<\/div>\n\n\n\n<div class=\"wp-block-column is-layout-flow wp-block-column-is-layout-flow\" style=\"flex-basis:66.66%\">\n<p>Federaci\u00f3n Internacional de la Cruz Roja y de la Media Luna Roja, la <strong>Academia Solferino<\/strong>, el <strong>Comit\u00e9 Internacional de la Cruz Roja<\/strong>, <strong>Ashoka<\/strong>, el&nbsp;<strong>United Nations Sustainable Development Solutions Network<\/strong> y la <strong>Stanford Social Innovation Review<\/strong>.<\/p>\n\n\n\n<figure class=\"wp-block-image size-large\"><img decoding=\"async\" width=\"1024\" height=\"185\" src=\"http:localhost:8888\/red-social-innovation\/wp-content\/uploads\/2021\/03\/banner_partners-1024x185.png\" alt=\"\" class=\"wp-image-1264\" srcset=\"https:\/\/red-social-innovation.com\/wp-content\/uploads\/2021\/03\/banner_partners-1024x185.png 1024w, https:\/\/red-social-innovation.com\/wp-content\/uploads\/2021\/03\/banner_partners-300x54.png 300w, https:\/\/red-social-innovation.com\/wp-content\/uploads\/2021\/03\/banner_partners-1536x277.png 1536w, https:\/\/red-social-innovation.com\/wp-content\/uploads\/2021\/03\/banner_partners-2048x370.png 2048w\" sizes=\"(max-width: 1024px) 100vw, 1024px\" \/><\/figure>\n\n\n\n<p><\/p>\n<\/div>\n<\/div>\n\n\n\n<div class=\"wp-block-columns is-layout-flex wp-container-core-columns-layout-6 wp-block-columns-is-layout-flex\">\n<div class=\"wp-block-column sticky is-layout-flow wp-block-column-is-layout-flow\" style=\"flex-basis:33.33%\">\n<h2 class=\"wp-block-heading\"><strong><strong>Contactos<\/strong><\/strong><\/h2>\n<\/div>\n\n\n\n<div class=\"wp-block-column is-layout-flow wp-block-column-is-layout-flow\" style=\"flex-basis:66.66%\">\n<p><strong>Giulio Zucchini<\/strong><br>Jefe de Innovaci\u00f3n Internacional de la Cruz Roja Francesa<br><em>giulio.zucchini@croix-rouge.fr<\/em><\/p>\n\n\n\n<p><strong>Ana Pe\u00f1alver Blanco<\/strong><br>Directora de proyectos de la Fundaci\u00f3n Tecnolog\u00edas Sociales &#8211; TECSOS<br>Cruz Roja Espa\u00f1ola y Fundaci\u00f3n Vodafone Espa\u00f1a<br><em>apblanco@cruzroja.es<\/em><\/p>\n<\/div>\n<\/div>\n","protected":false},"excerpt":{"rendered":"<p>RED Social Innovation Mientras que los modelos socioecon\u00f3micos heredados del siglo XX muestran su limitaci\u00f3n para responder a los desaf\u00edos&#8230;<\/p>\n","protected":false},"author":1,"featured_media":0,"parent":0,"menu_order":0,"comment_status":"closed","ping_status":"closed","template":"page-about.php","meta":{"footnotes":""},"acf":[],"yoast_head":"<!-- This site is optimized with the Yoast SEO plugin v21.5 - https:\/\/yoast.com\/wordpress\/plugins\/seo\/ -->\n<title>Con\u00f3cenos - Red Social Innovation<\/title>\n<meta name=\"robots\" content=\"index, follow, max-snippet:-1, max-image-preview:large, max-video-preview:-1\" \/>\n<link rel=\"canonical\" href=\"https:\/\/red-social-innovation.com\/es\/about-spanish\/\" \/>\n<meta property=\"og:locale\" content=\"es_ES\" \/>\n<meta property=\"og:type\" content=\"article\" \/>\n<meta property=\"og:title\" content=\"Con\u00f3cenos - Red Social Innovation\" \/>\n<meta property=\"og:description\" content=\"RED Social Innovation Mientras que los modelos socioecon\u00f3micos heredados del siglo XX muestran su limitaci\u00f3n para responder a los desaf\u00edos...\" \/>\n<meta property=\"og:url\" content=\"https:\/\/red-social-innovation.com\/es\/about-spanish\/\" \/>\n<meta property=\"og:site_name\" content=\"Red Social Innovation\" \/>\n<meta property=\"article:modified_time\" content=\"2024-04-11T06:18:07+00:00\" \/>\n<meta property=\"og:image\" content=\"https:\/\/red-social-innovation.com\/wp-content\/uploads\/2024\/04\/signature-all-red-crosses-1024x136.jpg\" \/>\n<meta name=\"twitter:card\" content=\"summary_large_image\" \/>\n<meta name=\"twitter:label1\" content=\"Tiempo de lectura\" \/>\n\t<meta name=\"twitter:data1\" content=\"8 minutos\" \/>\n<script type=\"application\/ld+json\" class=\"yoast-schema-graph\">{\"@context\":\"https:\/\/schema.org\",\"@graph\":[{\"@type\":\"WebPage\",\"@id\":\"https:\/\/red-social-innovation.com\/es\/about-spanish\/\",\"url\":\"https:\/\/red-social-innovation.com\/es\/about-spanish\/\",\"name\":\"Con\u00f3cenos - Red Social Innovation\",\"isPartOf\":{\"@id\":\"https:\/\/red-social-innovation.com\/es\/#website\"},\"datePublished\":\"2021-03-02T16:04:29+00:00\",\"dateModified\":\"2024-04-11T06:18:07+00:00\",\"breadcrumb\":{\"@id\":\"https:\/\/red-social-innovation.com\/es\/about-spanish\/#breadcrumb\"},\"inLanguage\":\"es\",\"potentialAction\":[{\"@type\":\"ReadAction\",\"target\":[\"https:\/\/red-social-innovation.com\/es\/about-spanish\/\"]}]},{\"@type\":\"BreadcrumbList\",\"@id\":\"https:\/\/red-social-innovation.com\/es\/about-spanish\/#breadcrumb\",\"itemListElement\":[{\"@type\":\"ListItem\",\"position\":1,\"name\":\"Home\",\"item\":\"http:\/\/34.77.224.50\/es\/\"},{\"@type\":\"ListItem\",\"position\":2,\"name\":\"Con\u00f3cenos\"}]},{\"@type\":\"WebSite\",\"@id\":\"https:\/\/red-social-innovation.com\/es\/#website\",\"url\":\"https:\/\/red-social-innovation.com\/es\/\",\"name\":\"Red Social Innovation\",\"description\":\"Centro Internacional de Recursos de Innovaci\u00f3n Social\",\"publisher\":{\"@id\":\"https:\/\/red-social-innovation.com\/es\/#organization\"},\"potentialAction\":[{\"@type\":\"SearchAction\",\"target\":{\"@type\":\"EntryPoint\",\"urlTemplate\":\"https:\/\/red-social-innovation.com\/es\/?s={search_term_string}\"},\"query-input\":\"required name=search_term_string\"}],\"inLanguage\":\"es\"},{\"@type\":\"Organization\",\"@id\":\"https:\/\/red-social-innovation.com\/es\/#organization\",\"name\":\"Red Social Innovation\",\"url\":\"https:\/\/red-social-innovation.com\/es\/\",\"logo\":{\"@type\":\"ImageObject\",\"inLanguage\":\"es\",\"@id\":\"https:\/\/red-social-innovation.com\/es\/#\/schema\/logo\/image\/\",\"url\":\"https:\/\/red-social-innovation.com\/wp-content\/uploads\/2021\/03\/logo-red-social-innovation.svg\",\"contentUrl\":\"https:\/\/red-social-innovation.com\/wp-content\/uploads\/2021\/03\/logo-red-social-innovation.svg\",\"caption\":\"Red Social Innovation\"},\"image\":{\"@id\":\"https:\/\/red-social-innovation.com\/es\/#\/schema\/logo\/image\/\"}}]}<\/script>\n<!-- \/ Yoast SEO plugin. -->","yoast_head_json":{"title":"Con\u00f3cenos - Red Social Innovation","robots":{"index":"index","follow":"follow","max-snippet":"max-snippet:-1","max-image-preview":"max-image-preview:large","max-video-preview":"max-video-preview:-1"},"canonical":"https:\/\/red-social-innovation.com\/es\/about-spanish\/","og_locale":"es_ES","og_type":"article","og_title":"Con\u00f3cenos - Red Social Innovation","og_description":"RED Social Innovation Mientras que los modelos socioecon\u00f3micos heredados del siglo XX muestran su limitaci\u00f3n para responder a los desaf\u00edos...","og_url":"https:\/\/red-social-innovation.com\/es\/about-spanish\/","og_site_name":"Red Social Innovation","article_modified_time":"2024-04-11T06:18:07+00:00","og_image":[{"url":"https:\/\/red-social-innovation.com\/wp-content\/uploads\/2024\/04\/signature-all-red-crosses-1024x136.jpg"}],"twitter_card":"summary_large_image","twitter_misc":{"Tiempo de lectura":"8 minutos"},"schema":{"@context":"https:\/\/schema.org","@graph":[{"@type":"WebPage","@id":"https:\/\/red-social-innovation.com\/es\/about-spanish\/","url":"https:\/\/red-social-innovation.com\/es\/about-spanish\/","name":"Con\u00f3cenos - Red Social Innovation","isPartOf":{"@id":"https:\/\/red-social-innovation.com\/es\/#website"},"datePublished":"2021-03-02T16:04:29+00:00","dateModified":"2024-04-11T06:18:07+00:00","breadcrumb":{"@id":"https:\/\/red-social-innovation.com\/es\/about-spanish\/#breadcrumb"},"inLanguage":"es","potentialAction":[{"@type":"ReadAction","target":["https:\/\/red-social-innovation.com\/es\/about-spanish\/"]}]},{"@type":"BreadcrumbList","@id":"https:\/\/red-social-innovation.com\/es\/about-spanish\/#breadcrumb","itemListElement":[{"@type":"ListItem","position":1,"name":"Home","item":"http:\/\/34.77.224.50\/es\/"},{"@type":"ListItem","position":2,"name":"Con\u00f3cenos"}]},{"@type":"WebSite","@id":"https:\/\/red-social-innovation.com\/es\/#website","url":"https:\/\/red-social-innovation.com\/es\/","name":"Red Social Innovation","description":"Centro Internacional de Recursos de Innovaci\u00f3n Social","publisher":{"@id":"https:\/\/red-social-innovation.com\/es\/#organization"},"potentialAction":[{"@type":"SearchAction","target":{"@type":"EntryPoint","urlTemplate":"https:\/\/red-social-innovation.com\/es\/?s={search_term_string}"},"query-input":"required name=search_term_string"}],"inLanguage":"es"},{"@type":"Organization","@id":"https:\/\/red-social-innovation.com\/es\/#organization","name":"Red Social Innovation","url":"https:\/\/red-social-innovation.com\/es\/","logo":{"@type":"ImageObject","inLanguage":"es","@id":"https:\/\/red-social-innovation.com\/es\/#\/schema\/logo\/image\/","url":"https:\/\/red-social-innovation.com\/wp-content\/uploads\/2021\/03\/logo-red-social-innovation.svg","contentUrl":"https:\/\/red-social-innovation.com\/wp-content\/uploads\/2021\/03\/logo-red-social-innovation.svg","caption":"Red Social Innovation"},"image":{"@id":"https:\/\/red-social-innovation.com\/es\/#\/schema\/logo\/image\/"}}]}},"_links":{"self":[{"href":"https:\/\/red-social-innovation.com\/es\/wp-json\/wp\/v2\/pages\/323"}],"collection":[{"href":"https:\/\/red-social-innovation.com\/es\/wp-json\/wp\/v2\/pages"}],"about":[{"href":"https:\/\/red-social-innovation.com\/es\/wp-json\/wp\/v2\/types\/page"}],"author":[{"embeddable":true,"href":"https:\/\/red-social-innovation.com\/es\/wp-json\/wp\/v2\/users\/1"}],"replies":[{"embeddable":true,"href":"https:\/\/red-social-innovation.com\/es\/wp-json\/wp\/v2\/comments?post=323"}],"version-history":[{"count":6,"href":"https:\/\/red-social-innovation.com\/es\/wp-json\/wp\/v2\/pages\/323\/revisions"}],"predecessor-version":[{"id":7821,"href":"https:\/\/red-social-innovation.com\/es\/wp-json\/wp\/v2\/pages\/323\/revisions\/7821"}],"wp:attachment":[{"href":"https:\/\/red-social-innovation.com\/es\/wp-json\/wp\/v2\/media?parent=323"}],"curies":[{"name":"wp","href":"https:\/\/api.w.org\/{rel}","templated":true}]}}