{"id":1374,"date":"2021-03-18T21:13:51","date_gmt":"2021-03-18T20:13:51","guid":{"rendered":"https:localhost:8888\/red-social-innovation\/?page_id=1374"},"modified":"2021-03-31T19:01:04","modified_gmt":"2021-03-31T17:01:04","slug":"cookies-policy","status":"publish","type":"page","link":"https:\/\/red-social-innovation.com\/fr\/cookies-policy\/","title":{"rendered":"Politique de cookies"},"content":{"rendered":"\n<h4 class=\"wp-block-heading\">1. Objet et champ d\u2019application<\/h4>\n\n\n\n<p>La Croix-Rouge fran\u00e7aise et la Croix Rouge espagnole (ci-apr\u00e8s \u00ab la CRf \u00bb et \u00ab la CRe \u00bb ou \u00abnous\u00bb), responsables conjoints de traitement, utilisent des cookies et autres traceurs (ci-apr\u00e8s \u00ab les cookies\u00bb) sur le site internet red social innovation (ci-apr\u00e8s le \u00ab site \u00bb).&nbsp;<\/p>\n\n\n\n<p>La pr\u00e9sente politique a pour objet d\u2019informer l\u2019internaute (ci-apr\u00e8s les \u00ab visiteurs \u00bb ou \u00ab vous \u00bb) sur les types de cookies utilis\u00e9s sur notre site, les raisons pour lesquelles nous les utilisons et la mani\u00e8re de les param\u00e9trer.<\/p>\n\n\n\n<p>Pour en savoir plus sur la mani\u00e8re dont la Croix-Rouge espagnole et la Croix-Rouge espagnole traitent vos donn\u00e9es personnelles, <a href=\"https:\/\/red-social-innovation.com\/fr\/la-gestion-de-vos-donnees-personnelles-et-de-vos-droits\/\">cliquez ici<\/a><a href=\"https:localhost:8888\/red-social-innovation\/fr\/politique-de-protection-des-donnees-personnelles\/\"> <\/a>.<\/p>\n\n\n\n<h4 class=\"wp-block-heading\">2. D\u00e9finition du cookie<\/h4>\n\n\n\n<p>Un cookie est un petit fichier de donn\u00e9es (fichier texte) qu&rsquo;un site, lorsqu&rsquo;il est consult\u00e9 par un utilisateur, demande \u00e0 votre navigateur de stocker sur votre appareil (ordinateur, smartphone, tablette\u2026) afin de m\u00e9moriser des informations vous concernant.&nbsp;<\/p>\n\n\n\n<p>Nous utilisons les cookies suivants sur notre site :<\/p>\n\n\n\n<ul><li>Les cookies techniques strictement n\u00e9cessaires : ils sont n\u00e9cessaires au fonctionnement de notre site et \u00e0 l\u2019acc\u00e8s \u00e0 nos services.<\/li><\/ul>\n\n\n\n<ul><li>Les cookies de fonctionnalit\u00e9 ou de pr\u00e9f\u00e9rences : ils permettent d\u2019enregistrer des informations relatives \u00e0 votre exp\u00e9rience sur notre site afin d\u2019am\u00e9liorer votre confort de navigation, par exemple afin de m\u00e9moriser vos pr\u00e9f\u00e9rences linguistiques.<\/li><\/ul>\n\n\n\n<ul><li>Les cookies de statistiques de visite : ils permettent de comprendre comment vous arrivez sur notre site et comment vous interagissez avec notre site et de produire des statistiques anonymes de visites en mesurant le nombre de visites, le nombre de pages vues, la dur\u00e9e de navigation, la fr\u00e9quence des visites, l\u2019activit\u00e9 sur notre site&#8230; Ces cookies permettent, le cas \u00e9ch\u00e9ant, de d\u00e9tecter des probl\u00e8mes de navigation et par cons\u00e9quent d\u2019am\u00e9liorer l\u2019ergonomie de nos services.<\/li><\/ul>\n\n\n\n<ul><li>Les cookies publicitaires : ils nous permettent d\u2019afficher des publicit\u00e9s pertinentes sur notre site selon votre navigation et les interactions que vous avez avec les sites que vous visitez.<\/li><\/ul>\n\n\n\n<ul><li>Les cookies de r\u00e9seaux sociaux : ils permettent de partager des contenus de notre site (boutons \u00ab partager \u00bb) sur le r\u00e9seau social Twitter.&nbsp;<\/li><\/ul>\n\n\n\n<h4 class=\"wp-block-heading\">3. Cookies utilis\u00e9s par la CRf et la CRe<\/h4>\n\n\n\n<p>Vous trouverez dans les tableaux ci-dessous des informations sur les cookies que nous utilisons et les raisons pour lesquelles nous les utilisons.<\/p>\n\n\n\n<p><strong>Cookies techniques strictement n\u00e9cessaires<\/strong><\/p>\n\n\n\n<p>Ces cookies sont n\u00e9cessaires au fonctionnement du site et ne peuvent pas \u00eatre d\u00e9sactiv\u00e9s dans nos syst\u00e8mes. Ils sont g\u00e9n\u00e9ralement \u00e9tablis en tant que r\u00e9ponse \u00e0 des actions que vous avez effectu\u00e9es et qui constituent une demande de services, telles que la d\u00e9finition de vos pr\u00e9f\u00e9rences en mati\u00e8re de confidentialit\u00e9 ou le remplissage de formulaires. Vous pouvez configurer votre navigateur afin de bloquer ou \u00eatre inform\u00e9 de l&rsquo;existence de ces cookies, mais certaines parties du site peuvent \u00eatre affect\u00e9es.&nbsp;<\/p>\n\n\n\n<figure class=\"wp-block-table is-style-regular\"><table><tbody><tr><td><strong>H\u00f4tes<\/strong><\/td><td><strong>Nom du Cookie<\/strong><\/td><td><strong>Dur\u00e9e de vie<\/strong><\/td><td><strong>Cookies utilis\u00e9s<\/strong><\/td><\/tr><tr><td>RED Social Innovation<\/td><td>cookielawinfo-checbox-analytics<\/td><td>11 mois<\/td><td>1st Party<\/td><\/tr><tr><td>RED Social Innovation<\/td><td>cookielawinfo-checbox-functional<\/td><td>11 mois<\/td><td>1st Party<\/td><\/tr><tr><td>RED Social Innovation<\/td><td>cookielawinfo-checbox-others<\/td><td>11 mois<\/td><td>1st Party<\/td><\/tr><tr><td>RED Social Innovation<\/td><td>cookielawinfo-checkbox-advertisement<\/td><td>1 an<\/td><td>1st Party<\/td><\/tr><tr><td>RED Social Innovation<\/td><td>cookielawinfo-checkbox-necessary<\/td><td>11 mois<\/td><td>1st Party<\/td><\/tr><tr><td>RED Social Innovation<\/td><td>cookielawinfo-checkbox-performance<\/td><td>11 mois<\/td><td>1st Party<\/td><\/tr><tr><td>RED Social Innovation<\/td><td>viewed_cookie_policy<\/td><td>11 mois<\/td><td>1st Party<\/td><\/tr><tr><td>RED Social Innovation<\/td><td>_icl_visitor_lang_js<\/td><td>1 jour<\/td><td>1st Party<\/td><\/tr><\/tbody><\/table><\/figure>\n\n\n\n<p><strong>Cookies de fonctionnalit\u00e9 ou de pr\u00e9f\u00e9rences<\/strong><\/p>\n\n\n\n<p>Ces cookies permettent d\u2019am\u00e9liorer et de personnaliser les fonctionnalit\u00e9s du site. Ils peuvent \u00eatre activ\u00e9s par nos \u00e9quipes, ou par des tiers dont les services sont utilis\u00e9s sur les pages de notre site. Si vous n&rsquo;acceptez pas ces cookies, une partie ou la totalit\u00e9 de ces services risquent de ne pas fonctionner correctement.<\/p>\n\n\n\n<figure class=\"wp-block-table\"><table><tbody><tr><td><strong>H\u00f4tes<\/strong><\/td><td><strong>Nom du Cookie<\/strong><\/td><td><strong>Dur\u00e9e de vie<\/strong><\/td><td><strong>Cookies utilis\u00e9s<\/strong><\/td><\/tr><tr><td>youtube.com<\/td><td>YSC<\/td><td>session<\/td><td>3rd Party<\/td><\/tr><tr><td>RED Social Innovation<\/td><td>wpml_browser_redirect_test<\/td><td>session<\/td><td>1st Party<\/td><\/tr><\/tbody><\/table><\/figure>\n\n\n\n<p><strong>Cookies de statistiques de visites<\/strong> <\/p>\n\n\n\n<p>Ces cookies nous permettent de d\u00e9terminer le nombre de visites et les sources du trafic, afin de mesurer et d\u2019am\u00e9liorer les performances de notre site. Ils nous aident \u00e9galement \u00e0 identifier les pages les plus \/ moins visit\u00e9es et d\u2019\u00e9valuer comment les visiteurs naviguent sur le site. Toutes les informations collect\u00e9es par ces cookies sont anonymis\u00e9es. Si vous n&rsquo;acceptez pas ces cookies, nous ne serons pas inform\u00e9s de votre visite sur notre site.<\/p>\n\n\n\n<figure class=\"wp-block-table\"><table><tbody><tr><td><strong>H\u00f4tes&nbsp;<\/strong><\/td><td><strong><strong>Nom du Cookie<\/strong><\/strong><\/td><td><strong>Dur\u00e9e de vie<\/strong><\/td><td><strong><strong>Cookies utilis\u00e9s<\/strong><\/strong><\/td><\/tr><tr><td>RED Social Innovation<\/td><td>_ga<\/td><td>session<\/td><td>1st Party<\/td><\/tr><tr><td>Google Analytics<\/td><td>_gid<\/td><td>1 jour<\/td><td>1st Party<\/td><\/tr><\/tbody><\/table><\/figure>\n\n\n\n<p><strong>Cookies pour une publicit\u00e9 cibl\u00e9e<\/strong><\/p>\n\n\n\n<p>Ces cookies peuvent \u00eatre mis en place au sein de notre site Web par nos partenaires publicitaires. Ils peuvent \u00eatre utilis\u00e9s par ces soci\u00e9t\u00e9s pour \u00e9tablir un profil de vos int\u00e9r\u00eats et vous proposer des publicit\u00e9s pertinentes sur d&rsquo;autres sites Web. Ils ne stockent pas directement des donn\u00e9es personnelles, mais sont bas\u00e9s sur l&rsquo;identification unique de votre navigateur et de votre appareil Internet. Si vous n&rsquo;autorisez pas ces cookies, votre publicit\u00e9 sera moins cibl\u00e9e.<\/p>\n\n\n\n<figure class=\"wp-block-table\"><table><tbody><tr><td><strong>H\u00f4tes<\/strong><\/td><td><strong><strong>Nom du Cookie<\/strong><\/strong><\/td><td><strong>Dur\u00e9e de vie<\/strong><\/td><td><strong><strong>Cookies utilis\u00e9s<\/strong><\/strong><\/td><\/tr><tr><td>RED Social Innovation<\/td><td>i\/jot<\/td><td>session<\/td><td>1st Party<\/td><\/tr><tr><td>accounts.google.com<\/td><td>__Host-GAPS<\/td><td>2 ans<\/td><td>3rd Party<\/td><\/tr><tr><td>RED Social Innovation<\/td><td>_gat_gtag_UA_191715615_1<\/td><td>14 mois<\/td><td>1st Party<\/td><\/tr><tr><td>doubleclick.net<\/td><td>IDE<\/td><td>1 an et 24 jours<\/td><td>3rd Party<\/td><\/tr><tr><td>RED Social Innovation<\/td><td>NID<\/td><td>6 mois<\/td><td>1st Party<\/td><\/tr><tr><td>test_cookie<\/td><td>test_cookie<\/td><td>15 minutes<\/td><td>3rd Party<\/td><\/tr><tr><td>youtube.com<\/td><td>VISITOR_INFO1_LIVE<\/td><td>5 mois et 27 jours<\/td><td>3rd Party<\/td><\/tr><\/tbody><\/table><\/figure>\n\n\n\n<p><strong>Cookies \u00ab r\u00e9seaux sociaux \u00bb<\/strong><\/p>\n\n\n\n<p>Ces cookies sont activ\u00e9s par les services propos\u00e9s sur les r\u00e9seaux sociaux que nous avons ajout\u00e9s au site afin de vous donner la possibilit\u00e9 de partager notre contenu avec votre r\u00e9seau et vos connaissances. Cela peut avoir un impact sur le contenu et les messages affich\u00e9s sur les autres sites que vous consultez. Si vous n&rsquo;autorisez pas ces cookies, il se peut que vous ne puissiez pas utiliser ou visualiser ces outils de partage.<\/p>\n\n\n\n<figure class=\"wp-block-table\"><table><tbody><tr><td><strong>H\u00f4tes<\/strong><\/td><td><strong><strong>Nom du Cookie<\/strong><\/strong><\/td><td><strong>Dur\u00e9e de vie<\/strong><\/td><td><strong><strong>Cookies utilis\u00e9s<\/strong><\/strong><\/td><\/tr><tr><td>Twitter<\/td><td>__widgetsettings<\/td><td>session<\/td><td>3rd Party<\/td><\/tr><\/tbody><\/table><\/figure>\n\n\n\n<h4 class=\"wp-block-heading\">4. Vos choix concernant l\u2019utilisation des cookies&nbsp;&nbsp;<\/h4>\n\n\n\n<p>Le d\u00e9p\u00f4t des cookies pr\u00e9cit\u00e9s sur votre navigateur est soumis \u00e0 votre consentement, \u00e0 l\u2019exception des cookies techniques strictement n\u00e9cessaires. Lors de votre premi\u00e8re visite sur notre site, un bandeau vous informe de la pr\u00e9sence des cookies pr\u00e9cit\u00e9s et vous invite \u00e0 les accepter ou \u00e0 les refuser. Ils ne sont d\u00e9pos\u00e9s que si vous cliquez sur \u00ab Accepter \u00bb.&nbsp;<\/p>\n\n\n\n<p>Vous pouvez toutefois choisir \u00e0 tout moment de retirer votre consentement pour tout ou partie des cookies, \u00e0 l\u2019exception des cookies techniques strictement n\u00e9cessaires, selon les mani\u00e8res d\u00e9crites ci-dessous.&nbsp;<\/p>\n\n\n\n<h5 class=\"wp-block-heading\">4.1. G\u00c9RER VOS COOKIES EN PARAM\u00c9TRANT VOTRE NAVIGATEUR<\/h5>\n\n\n\n<p>Vous pouvez param\u00e9trer votre navigateur afin de bloquer ou autoriser tous les cookies ou au cas par cas, et de supprimer ou consulter ceux qui sont d\u00e9j\u00e0 install\u00e9s sur votre terminal. Toutefois, si vous choisissez de d\u00e9sactiver tous les cookies, nous vous informons que certaines fonctionnalit\u00e9s ou pages du site sont susceptibles de ne pas fonctionner.<\/p>\n\n\n\n<p>Pour savoir comment param\u00e9trer vos cookies, veuillez consulter la page d\u2019aide de votre navigateur :<\/p>\n\n\n\n<p>&#8211;&nbsp; &nbsp; &nbsp; &nbsp; &nbsp; <strong>Firefox :<\/strong> <a href=\"https:\/\/support.mozilla.org\/fr\/kb\/activer-desactiver-cookies-preferences\">https:\/\/support.mozilla.org\/fr\/kb\/activer-desactiver-cookies-preferences<\/a><\/p>\n\n\n\n<p>&#8211;&nbsp; &nbsp; &nbsp; &nbsp; &nbsp; <strong>Internet Explorer :<\/strong> <a href=\"https:\/\/support.microsoft.com\/fr-fr\/help\/17442\/windows-internet-explorer-delete-manage-cookies\">https:\/\/support.microsoft.com\/fr-fr\/help\/17442\/windows-internet-explorer-delete-manage-cookies<\/a><\/p>\n\n\n\n<p>&#8211;&nbsp; &nbsp; &nbsp; &nbsp; &nbsp; <strong>Google Chrome : <\/strong><a href=\"https:\/\/support.google.com\/chrome\/answer\/95647?co=GENIE.Platform%3DDesktop&amp;hl=fr\">https:\/\/support.google.com\/chrome\/answer\/95647?co=GENIE.Platform%3DDesktop&amp;hl=fr<\/a><\/p>\n\n\n\n<p>&#8211;&nbsp; &nbsp; &nbsp; &nbsp; &nbsp; <strong>Safari :<\/strong> <a href=\"https:\/\/support.apple.com\/fr-fr\/guide\/safari\/sfri11471\/mac\">https:\/\/support.apple.com\/fr-fr\/guide\/safari\/sfri11471\/mac<\/a><\/p>\n\n\n\n<h5 class=\"wp-block-heading\">4.2. G\u00c9RER VOS COOKIES SUR NOTRE SITE<\/h5>\n\n\n\n<p>Vous avez la possibilit\u00e9 de param\u00e9trer vos cookies en cliquant sur le lien : <strong><span class=\"edit-cookie-preferences\">Pr\u00e9f\u00e9rences de cookies<\/span><\/strong><\/p>\n\n\n\n<p>Certaines fonctionnalit\u00e9s de ce site s\u2019appuient sur des services propos\u00e9s par des tiers. Ces fonctionnalit\u00e9s d\u00e9posent des cookies permettant d\u2019am\u00e9liorer et de personnaliser les fonctionnalit\u00e9s du site, d\u2019analyser votre navigation sur notre site, de vous proposer des annonces personnalis\u00e9es, et de vous offrir des fonctionnalit\u00e9s relatives aux r\u00e9seaux sociaux. Ces cookies ne sont d\u00e9pos\u00e9s que si vous donnez votre accord. Vous pouvez vous informer sur la nature des cookies d\u00e9pos\u00e9s, les accepter ou les refuser soit globalement, soit en fonction de la finalit\u00e9 des cookies d\u00e9pos\u00e9s.<\/p>\n\n\n\n<h4 class=\"wp-block-heading\">5. Mise \u00e0 jour de la pr\u00e9sente politique<\/h4>\n\n\n\n<p>Cette politique est susceptible d\u2019\u00e9voluer \u00e0 tout moment.<\/p>\n\n\n\n<p>Nous vous invitons \u00e0 la consulter r\u00e9guli\u00e8rement dans la rubrique d\u00e9di\u00e9e de notre site.<\/p>\n\n\n\n<p><em>Derni\u00e8re modification : 30\/03\/2021.<\/em><\/p>\n","protected":false},"excerpt":{"rendered":"<p>1. Objet et champ d\u2019application La Croix-Rouge fran\u00e7aise et la Croix Rouge espagnole (ci-apr\u00e8s \u00ab la CRf \u00bb et \u00ab&#8230;<\/p>\n","protected":false},"author":5,"featured_media":0,"parent":0,"menu_order":0,"comment_status":"closed","ping_status":"closed","template":"","meta":{"footnotes":""},"acf":[],"yoast_head":"<!-- This site is optimized with the Yoast SEO plugin v21.5 - https:\/\/yoast.com\/wordpress\/plugins\/seo\/ -->\n<title>Politique de cookies - Red Social Innovation<\/title>\n<meta name=\"robots\" content=\"index, follow, max-snippet:-1, max-image-preview:large, max-video-preview:-1\" \/>\n<link rel=\"canonical\" href=\"https:\/\/red-social-innovation.com\/fr\/cookies-policy\/\" \/>\n<meta property=\"og:locale\" content=\"fr_FR\" \/>\n<meta property=\"og:type\" content=\"article\" \/>\n<meta property=\"og:title\" content=\"Politique de cookies - Red Social Innovation\" \/>\n<meta property=\"og:description\" content=\"1. Objet et champ d\u2019application La Croix-Rouge fran\u00e7aise et la Croix Rouge espagnole (ci-apr\u00e8s \u00ab la CRf \u00bb et \u00ab...\" \/>\n<meta property=\"og:url\" content=\"https:\/\/red-social-innovation.com\/fr\/cookies-policy\/\" \/>\n<meta property=\"og:site_name\" content=\"Red Social Innovation\" \/>\n<meta property=\"article:modified_time\" content=\"2021-03-31T17:01:04+00:00\" \/>\n<meta name=\"twitter:card\" content=\"summary_large_image\" \/>\n<meta name=\"twitter:label1\" content=\"Dur\u00e9e de lecture estim\u00e9e\" \/>\n\t<meta name=\"twitter:data1\" content=\"6 minutes\" \/>\n<script type=\"application\/ld+json\" class=\"yoast-schema-graph\">{\"@context\":\"https:\/\/schema.org\",\"@graph\":[{\"@type\":\"WebPage\",\"@id\":\"https:\/\/red-social-innovation.com\/fr\/cookies-policy\/\",\"url\":\"https:\/\/red-social-innovation.com\/fr\/cookies-policy\/\",\"name\":\"Politique de cookies - Red Social Innovation\",\"isPartOf\":{\"@id\":\"https:\/\/red-social-innovation.com\/fr\/#website\"},\"datePublished\":\"2021-03-18T20:13:51+00:00\",\"dateModified\":\"2021-03-31T17:01:04+00:00\",\"breadcrumb\":{\"@id\":\"https:\/\/red-social-innovation.com\/fr\/cookies-policy\/#breadcrumb\"},\"inLanguage\":\"fr-FR\",\"potentialAction\":[{\"@type\":\"ReadAction\",\"target\":[\"https:\/\/red-social-innovation.com\/fr\/cookies-policy\/\"]}]},{\"@type\":\"BreadcrumbList\",\"@id\":\"https:\/\/red-social-innovation.com\/fr\/cookies-policy\/#breadcrumb\",\"itemListElement\":[{\"@type\":\"ListItem\",\"position\":1,\"name\":\"Home\",\"item\":\"https:\/\/red-social-innovation.com\/fr\/\"},{\"@type\":\"ListItem\",\"position\":2,\"name\":\"Politique de cookies\"}]},{\"@type\":\"WebSite\",\"@id\":\"https:\/\/red-social-innovation.com\/fr\/#website\",\"url\":\"https:\/\/red-social-innovation.com\/fr\/\",\"name\":\"Red Social Innovation\",\"description\":\"Centre de Ressources International d\u2019Innovation Sociale\",\"publisher\":{\"@id\":\"https:\/\/red-social-innovation.com\/fr\/#organization\"},\"potentialAction\":[{\"@type\":\"SearchAction\",\"target\":{\"@type\":\"EntryPoint\",\"urlTemplate\":\"https:\/\/red-social-innovation.com\/fr\/?s={search_term_string}\"},\"query-input\":\"required name=search_term_string\"}],\"inLanguage\":\"fr-FR\"},{\"@type\":\"Organization\",\"@id\":\"https:\/\/red-social-innovation.com\/fr\/#organization\",\"name\":\"Red Social Innovation\",\"url\":\"https:\/\/red-social-innovation.com\/fr\/\",\"logo\":{\"@type\":\"ImageObject\",\"inLanguage\":\"fr-FR\",\"@id\":\"https:\/\/red-social-innovation.com\/fr\/#\/schema\/logo\/image\/\",\"url\":\"https:\/\/red-social-innovation.com\/wp-content\/uploads\/2021\/03\/logo-red-social-innovation.svg\",\"contentUrl\":\"https:\/\/red-social-innovation.com\/wp-content\/uploads\/2021\/03\/logo-red-social-innovation.svg\",\"caption\":\"Red Social Innovation\"},\"image\":{\"@id\":\"https:\/\/red-social-innovation.com\/fr\/#\/schema\/logo\/image\/\"}}]}<\/script>\n<!-- \/ Yoast SEO plugin. -->","yoast_head_json":{"title":"Politique de cookies - Red Social Innovation","robots":{"index":"index","follow":"follow","max-snippet":"max-snippet:-1","max-image-preview":"max-image-preview:large","max-video-preview":"max-video-preview:-1"},"canonical":"https:\/\/red-social-innovation.com\/fr\/cookies-policy\/","og_locale":"fr_FR","og_type":"article","og_title":"Politique de cookies - Red Social Innovation","og_description":"1. Objet et champ d\u2019application La Croix-Rouge fran\u00e7aise et la Croix Rouge espagnole (ci-apr\u00e8s \u00ab la CRf \u00bb et \u00ab...","og_url":"https:\/\/red-social-innovation.com\/fr\/cookies-policy\/","og_site_name":"Red Social Innovation","article_modified_time":"2021-03-31T17:01:04+00:00","twitter_card":"summary_large_image","twitter_misc":{"Dur\u00e9e de lecture estim\u00e9e":"6 minutes"},"schema":{"@context":"https:\/\/schema.org","@graph":[{"@type":"WebPage","@id":"https:\/\/red-social-innovation.com\/fr\/cookies-policy\/","url":"https:\/\/red-social-innovation.com\/fr\/cookies-policy\/","name":"Politique de cookies - Red Social Innovation","isPartOf":{"@id":"https:\/\/red-social-innovation.com\/fr\/#website"},"datePublished":"2021-03-18T20:13:51+00:00","dateModified":"2021-03-31T17:01:04+00:00","breadcrumb":{"@id":"https:\/\/red-social-innovation.com\/fr\/cookies-policy\/#breadcrumb"},"inLanguage":"fr-FR","potentialAction":[{"@type":"ReadAction","target":["https:\/\/red-social-innovation.com\/fr\/cookies-policy\/"]}]},{"@type":"BreadcrumbList","@id":"https:\/\/red-social-innovation.com\/fr\/cookies-policy\/#breadcrumb","itemListElement":[{"@type":"ListItem","position":1,"name":"Home","item":"https:\/\/red-social-innovation.com\/fr\/"},{"@type":"ListItem","position":2,"name":"Politique de cookies"}]},{"@type":"WebSite","@id":"https:\/\/red-social-innovation.com\/fr\/#website","url":"https:\/\/red-social-innovation.com\/fr\/","name":"Red Social Innovation","description":"Centre de Ressources International d\u2019Innovation Sociale","publisher":{"@id":"https:\/\/red-social-innovation.com\/fr\/#organization"},"potentialAction":[{"@type":"SearchAction","target":{"@type":"EntryPoint","urlTemplate":"https:\/\/red-social-innovation.com\/fr\/?s={search_term_string}"},"query-input":"required name=search_term_string"}],"inLanguage":"fr-FR"},{"@type":"Organization","@id":"https:\/\/red-social-innovation.com\/fr\/#organization","name":"Red Social Innovation","url":"https:\/\/red-social-innovation.com\/fr\/","logo":{"@type":"ImageObject","inLanguage":"fr-FR","@id":"https:\/\/red-social-innovation.com\/fr\/#\/schema\/logo\/image\/","url":"https:\/\/red-social-innovation.com\/wp-content\/uploads\/2021\/03\/logo-red-social-innovation.svg","contentUrl":"https:\/\/red-social-innovation.com\/wp-content\/uploads\/2021\/03\/logo-red-social-innovation.svg","caption":"Red Social Innovation"},"image":{"@id":"https:\/\/red-social-innovation.com\/fr\/#\/schema\/logo\/image\/"}}]}},"_links":{"self":[{"href":"https:\/\/red-social-innovation.com\/fr\/wp-json\/wp\/v2\/pages\/1374"}],"collection":[{"href":"https:\/\/red-social-innovation.com\/fr\/wp-json\/wp\/v2\/pages"}],"about":[{"href":"https:\/\/red-social-innovation.com\/fr\/wp-json\/wp\/v2\/types\/page"}],"author":[{"embeddable":true,"href":"https:\/\/red-social-innovation.com\/fr\/wp-json\/wp\/v2\/users\/5"}],"replies":[{"embeddable":true,"href":"https:\/\/red-social-innovation.com\/fr\/wp-json\/wp\/v2\/comments?post=1374"}],"version-history":[{"count":8,"href":"https:\/\/red-social-innovation.com\/fr\/wp-json\/wp\/v2\/pages\/1374\/revisions"}],"predecessor-version":[{"id":1933,"href":"https:\/\/red-social-innovation.com\/fr\/wp-json\/wp\/v2\/pages\/1374\/revisions\/1933"}],"wp:attachment":[{"href":"https:\/\/red-social-innovation.com\/fr\/wp-json\/wp\/v2\/media?parent=1374"}],"curies":[{"name":"wp","href":"https:\/\/api.w.org\/{rel}","templated":true}]}}