{"id":1380,"date":"2021-03-18T21:18:52","date_gmt":"2021-03-18T20:18:52","guid":{"rendered":"https:localhost:8888\/red-social-innovation\/?page_id=1380"},"modified":"2021-03-25T16:51:28","modified_gmt":"2021-03-25T15:51:28","slug":"la-gestion-de-vos-donnees-personnelles-et-de-vos-droits","status":"publish","type":"page","link":"https:\/\/red-social-innovation.com\/fr\/la-gestion-de-vos-donnees-personnelles-et-de-vos-droits\/","title":{"rendered":"La gestion de vos donn\u00e9es personnelles et de vos droits"},"content":{"rendered":"\n<p>Vos donn\u00e9es personnelles recueillies sur ce formulaire sont enregistr\u00e9es dans un fichier informatis\u00e9 par les responsables conjoints de traitement la Croix Rouge Francaise (CRf) et la Croix Rouge Espagnole (CRe) pour la publication et la gestion de projets en ligne, ainsi que pour des op\u00e9rations de prospection, de communication et de sensibilisation relatives \u00e0 leurs actions et projets et d\u2019enqu\u00eates relative \u00e0 votre exp\u00e9rience sur ce site, except\u00e9 si vous vous y opposez.<\/p>\n\n\n\n<p><strong>Les bases l\u00e9gales des traitements sont<\/strong> :<\/p>\n\n\n\n<p>&#8211;&nbsp; &nbsp; &nbsp; &nbsp; &nbsp; Pour la publication et la gestion de projets en ligne, et pour les op\u00e9rations de prospection, de communication et de sensibilisation relatives \u00e0 leurs actions et projets et d\u2019enqu\u00eates relative \u00e0 votre exp\u00e9rience sur ce site: l\u2019int\u00e9r\u00eat l\u00e9gitime de la CRf et la CRe de g\u00e9rer leurs relations avec vous, et de vous communiquer des informations relatives \u00e0 leurs actions et projets dans le cadre du d\u00e9veloppement de la CRf et la CRe.&nbsp;<\/p>\n\n\n\n<p>&#8211;&nbsp; &nbsp; &nbsp; &nbsp; &nbsp; Pour la gestion de votre droit d&rsquo;opposition \u00e0 recevoir des op\u00e9rations de prospection et communication : l\u2019obligation l\u00e9gale de la CRf et la CRe.<\/p>\n\n\n\n<p>Les donn\u00e9es marqu\u00e9es par un ast\u00e9risque dans le formulaire de collecte de donn\u00e9es personnelles doivent obligatoirement \u00eatre fournies. Dans le cas contraire, la CRf et la CRe ne pourront pas traiter votre demande (non validation du formulaire).&nbsp;<\/p>\n\n\n\n<p>Vos donn\u00e9es personnelles sont destin\u00e9es aux services et aux personnes habilit\u00e9es de la CRf et la CRe. Cependant, vos donn\u00e9es personnelles peuvent \u00eatre communiqu\u00e9es \u00e0 des prestataires et des partenaires techniques pour r\u00e9aliser certains objectifs pour notre compte (par exemple, prestataire en charge du d\u00e9veloppement et de la maintenance du site, prestataire en charge de l\u2019h\u00e9bergement du site\u2026). A ce titre, il est pr\u00e9cis\u00e9 que ces derniers :<\/p>\n\n\n\n<p>&#8211; &nbsp; &nbsp; ont un acc\u00e8s limit\u00e9 \u00e0 vos donn\u00e9es personnelles, uniquement pour la r\u00e9alisation de l\u2019ex\u00e9cution de leurs prestations ;<\/p>\n\n\n\n<p>&#8211; &nbsp; &nbsp; ont une obligation contractuelle de les utiliser en conformit\u00e9 avec nos instructions et avec les dispositions l\u00e9gales en mati\u00e8re de protection des donn\u00e9es personnelles ;<\/p>\n\n\n\n<p>&#8211; &nbsp; &nbsp; sont susceptibles d\u2019\u00eatre situ\u00e9s hors de l\u2019Union Europ\u00e9enne, notamment dans des pays n\u2019assurant pas un niveau ad\u00e9quat de protection des donn\u00e9es. Dans ce cas, ces transferts de donn\u00e9es sont couverts par des garanties appropri\u00e9es, et notamment la signature de clauses types de protection des donn\u00e9es adopt\u00e9es par la Commission europ\u00e9enne.<\/p>\n\n\n\n<p><strong>Les donn\u00e9es sont conserv\u00e9es pendant<\/strong> :<\/p>\n\n\n\n<p>&#8211;&nbsp; &nbsp; &nbsp; &nbsp; &nbsp; Pour la publication et la gestion de votre projet en ligne : jusqu\u2019\u00e0&nbsp; suppression de votre part&nbsp; de votre projet sur le site, ou jusqu\u2019\u00e0 la suppression de votre projet sur le site par une d\u00e9cision de la CRf et la CRe apr\u00e8s que vous ayez \u00e9t\u00e9 inform\u00e9 de cette d\u00e9cision par \u00e9crit.&nbsp;<\/p>\n\n\n\n<p>&#8211;&nbsp; &nbsp; &nbsp; &nbsp; &nbsp; Pour les op\u00e9rations de prospection, de communication et de sensibilisation relatives aux actions et projets de la CRf et la CRe: 2 ans \u00e0 compter de votre dernier contact avec la CRf et\/ou la CRe puis suppression.&nbsp;&nbsp;<\/p>\n\n\n\n<p>&#8211;&nbsp; &nbsp; &nbsp; &nbsp; &nbsp; Pour la gestion de votre droit d&rsquo;opposition \u00e0 recevoir des op\u00e9rations de prospection, de communication et de sensibilisation : 3 ans \u00e0 compter de l\u2019exercice du droit d\u2019opposition.<\/p>\n\n\n\n<p>Vous disposez d\u2019un droit d\u2019acc\u00e8s et d\u2019un droit de rectification de vos donn\u00e9es. Vous b\u00e9n\u00e9ficiez dans certains cas, d\u2019un droit \u00e0 l\u2019effacement et d\u2019un droit \u00e0 la limitation du traitement. Vous disposez en outre d\u2019un droit d\u2019opposition \u00e0 ce que vos donn\u00e9es \u00e0 caract\u00e8re personnel fassent l\u2019objet d\u2019un traitement, et d\u2019un droit d\u2019opposition \u00e0 ce que vos donn\u00e9es soient utilis\u00e9es \u00e0 des fins de prospection.<\/p>\n\n\n\n<p>Conform\u00e9ment \u00e0 l\u2019article 26 du R\u00e8glement G\u00e9n\u00e9ral sur la Protection des Donn\u00e9es du 27 avril 2016 (R\u00e8glement (UE) 2016\/679), vous pouvez exercer vos droits \u00e0 l&rsquo;\u00e9gard de la CRe ainsi que de la CRf.<\/p>\n\n\n\n<p>Afin de faciliter l&rsquo;exercice de vos droits, le d\u00e9l\u00e9gu\u00e9 \u00e0 la protection des donn\u00e9es de la Croix-Rouge espagnole est votre point de contact : vous pouvez le contacter par e-mail \u00e0 l\u2019adresse : <em>dpo@cruzroja.es<\/em> ou par courrier postal en indiquant le service concern\u00e9, \u00e0 l\u2019adresse suivante :<\/p>\n\n\n\n<p><strong>Croix-Rouge espagnole<\/strong><br>D\u00e9l\u00e9gu\u00e9 \u00e0 la protection des donn\u00e9es<br>C\/ Av. Reina Victoria 26-28<br>28003 Madrid<\/p>\n\n\n\n<p>If you think that your rights are not sufficiently respected, you can complain to the Spanish Data Protection Authority (AEPD) at<a href=\"http:\/\/www.aepd.es\"> www.aepd.es<\/a>.<\/p>\n\n\n\n<p>Si vous souhaitez contacter le d\u00e9l\u00e9gu\u00e9 \u00e0 la protection des donn\u00e9es de la Croix-Rouge fran\u00e7aise, vous pouvez le faire par e-mail \u00e0 l&rsquo;adresse <em>dpo@croix-rouge.fr<\/em>, ou par courrier postal en indiquant le service concern\u00e9, \u00e0 l\u2019adresse suivante :<\/p>\n\n\n\n<p><strong>Croix-Rouge fran\u00e7aise<br><\/strong>D\u00e9l\u00e9gu\u00e9 \u00e0 la protection des donn\u00e9es<br>98, rue Didot<br>75014 Paris<\/p>\n\n\n\n<p>Si vous estimez que vos droits \u00ab Informatique et Libert\u00e9s \u00bb ne sont pas respect\u00e9s, vous pouvez adresser une r\u00e9clamation \u00e0 la Commission nationale de l&rsquo;informatique et des libert\u00e9s ou <a href=\"https:\/\/www.cnil.fr\/professionnel\">CNIL<\/a>, d\u00e9sign\u00e9e par la CRf et la CRe en tant qu\u2019autorit\u00e9 de contr\u00f4le chef de file.&nbsp;<\/p>\n","protected":false},"excerpt":{"rendered":"<p>Vos donn\u00e9es personnelles recueillies sur ce formulaire sont enregistr\u00e9es dans un fichier informatis\u00e9 par les responsables conjoints de traitement la&#8230;<\/p>\n","protected":false},"author":5,"featured_media":0,"parent":0,"menu_order":0,"comment_status":"closed","ping_status":"closed","template":"","meta":{"footnotes":""},"acf":[],"yoast_head":"<!-- This site is optimized with the Yoast SEO plugin v21.5 - https:\/\/yoast.com\/wordpress\/plugins\/seo\/ -->\n<title>La gestion de vos donn\u00e9es personnelles et de vos droits - Red Social Innovation<\/title>\n<meta name=\"robots\" content=\"index, follow, max-snippet:-1, max-image-preview:large, max-video-preview:-1\" \/>\n<link rel=\"canonical\" href=\"https:\/\/red-social-innovation.com\/fr\/la-gestion-de-vos-donnees-personnelles-et-de-vos-droits\/\" \/>\n<meta property=\"og:locale\" content=\"fr_FR\" \/>\n<meta property=\"og:type\" content=\"article\" \/>\n<meta property=\"og:title\" content=\"La gestion de vos donn\u00e9es personnelles et de vos droits - Red Social Innovation\" \/>\n<meta property=\"og:description\" content=\"Vos donn\u00e9es personnelles recueillies sur ce formulaire sont enregistr\u00e9es dans un fichier informatis\u00e9 par les responsables conjoints de traitement la...\" \/>\n<meta property=\"og:url\" content=\"https:\/\/red-social-innovation.com\/fr\/la-gestion-de-vos-donnees-personnelles-et-de-vos-droits\/\" \/>\n<meta property=\"og:site_name\" content=\"Red Social Innovation\" \/>\n<meta property=\"article:modified_time\" content=\"2021-03-25T15:51:28+00:00\" \/>\n<meta name=\"twitter:card\" content=\"summary_large_image\" \/>\n<meta name=\"twitter:label1\" content=\"Dur\u00e9e de lecture estim\u00e9e\" \/>\n\t<meta name=\"twitter:data1\" content=\"4 minutes\" \/>\n<script type=\"application\/ld+json\" class=\"yoast-schema-graph\">{\"@context\":\"https:\/\/schema.org\",\"@graph\":[{\"@type\":\"WebPage\",\"@id\":\"https:\/\/red-social-innovation.com\/fr\/la-gestion-de-vos-donnees-personnelles-et-de-vos-droits\/\",\"url\":\"https:\/\/red-social-innovation.com\/fr\/la-gestion-de-vos-donnees-personnelles-et-de-vos-droits\/\",\"name\":\"La gestion de vos donn\u00e9es personnelles et de vos droits - Red Social Innovation\",\"isPartOf\":{\"@id\":\"https:\/\/red-social-innovation.com\/fr\/#website\"},\"datePublished\":\"2021-03-18T20:18:52+00:00\",\"dateModified\":\"2021-03-25T15:51:28+00:00\",\"breadcrumb\":{\"@id\":\"https:\/\/red-social-innovation.com\/fr\/la-gestion-de-vos-donnees-personnelles-et-de-vos-droits\/#breadcrumb\"},\"inLanguage\":\"fr-FR\",\"potentialAction\":[{\"@type\":\"ReadAction\",\"target\":[\"https:\/\/red-social-innovation.com\/fr\/la-gestion-de-vos-donnees-personnelles-et-de-vos-droits\/\"]}]},{\"@type\":\"BreadcrumbList\",\"@id\":\"https:\/\/red-social-innovation.com\/fr\/la-gestion-de-vos-donnees-personnelles-et-de-vos-droits\/#breadcrumb\",\"itemListElement\":[{\"@type\":\"ListItem\",\"position\":1,\"name\":\"Home\",\"item\":\"https:\/\/red-social-innovation.com\/fr\/\"},{\"@type\":\"ListItem\",\"position\":2,\"name\":\"La gestion de vos donn\u00e9es personnelles et de vos droits\"}]},{\"@type\":\"WebSite\",\"@id\":\"https:\/\/red-social-innovation.com\/fr\/#website\",\"url\":\"https:\/\/red-social-innovation.com\/fr\/\",\"name\":\"Red Social Innovation\",\"description\":\"Centre de Ressources International d\u2019Innovation Sociale\",\"publisher\":{\"@id\":\"https:\/\/red-social-innovation.com\/fr\/#organization\"},\"potentialAction\":[{\"@type\":\"SearchAction\",\"target\":{\"@type\":\"EntryPoint\",\"urlTemplate\":\"https:\/\/red-social-innovation.com\/fr\/?s={search_term_string}\"},\"query-input\":\"required name=search_term_string\"}],\"inLanguage\":\"fr-FR\"},{\"@type\":\"Organization\",\"@id\":\"https:\/\/red-social-innovation.com\/fr\/#organization\",\"name\":\"Red Social Innovation\",\"url\":\"https:\/\/red-social-innovation.com\/fr\/\",\"logo\":{\"@type\":\"ImageObject\",\"inLanguage\":\"fr-FR\",\"@id\":\"https:\/\/red-social-innovation.com\/fr\/#\/schema\/logo\/image\/\",\"url\":\"https:\/\/red-social-innovation.com\/wp-content\/uploads\/2021\/03\/logo-red-social-innovation.svg\",\"contentUrl\":\"https:\/\/red-social-innovation.com\/wp-content\/uploads\/2021\/03\/logo-red-social-innovation.svg\",\"caption\":\"Red Social Innovation\"},\"image\":{\"@id\":\"https:\/\/red-social-innovation.com\/fr\/#\/schema\/logo\/image\/\"}}]}<\/script>\n<!-- \/ Yoast SEO plugin. -->","yoast_head_json":{"title":"La gestion de vos donn\u00e9es personnelles et de vos droits - Red Social Innovation","robots":{"index":"index","follow":"follow","max-snippet":"max-snippet:-1","max-image-preview":"max-image-preview:large","max-video-preview":"max-video-preview:-1"},"canonical":"https:\/\/red-social-innovation.com\/fr\/la-gestion-de-vos-donnees-personnelles-et-de-vos-droits\/","og_locale":"fr_FR","og_type":"article","og_title":"La gestion de vos donn\u00e9es personnelles et de vos droits - Red Social Innovation","og_description":"Vos donn\u00e9es personnelles recueillies sur ce formulaire sont enregistr\u00e9es dans un fichier informatis\u00e9 par les responsables conjoints de traitement la...","og_url":"https:\/\/red-social-innovation.com\/fr\/la-gestion-de-vos-donnees-personnelles-et-de-vos-droits\/","og_site_name":"Red Social Innovation","article_modified_time":"2021-03-25T15:51:28+00:00","twitter_card":"summary_large_image","twitter_misc":{"Dur\u00e9e de lecture estim\u00e9e":"4 minutes"},"schema":{"@context":"https:\/\/schema.org","@graph":[{"@type":"WebPage","@id":"https:\/\/red-social-innovation.com\/fr\/la-gestion-de-vos-donnees-personnelles-et-de-vos-droits\/","url":"https:\/\/red-social-innovation.com\/fr\/la-gestion-de-vos-donnees-personnelles-et-de-vos-droits\/","name":"La gestion de vos donn\u00e9es personnelles et de vos droits - Red Social Innovation","isPartOf":{"@id":"https:\/\/red-social-innovation.com\/fr\/#website"},"datePublished":"2021-03-18T20:18:52+00:00","dateModified":"2021-03-25T15:51:28+00:00","breadcrumb":{"@id":"https:\/\/red-social-innovation.com\/fr\/la-gestion-de-vos-donnees-personnelles-et-de-vos-droits\/#breadcrumb"},"inLanguage":"fr-FR","potentialAction":[{"@type":"ReadAction","target":["https:\/\/red-social-innovation.com\/fr\/la-gestion-de-vos-donnees-personnelles-et-de-vos-droits\/"]}]},{"@type":"BreadcrumbList","@id":"https:\/\/red-social-innovation.com\/fr\/la-gestion-de-vos-donnees-personnelles-et-de-vos-droits\/#breadcrumb","itemListElement":[{"@type":"ListItem","position":1,"name":"Home","item":"https:\/\/red-social-innovation.com\/fr\/"},{"@type":"ListItem","position":2,"name":"La gestion de vos donn\u00e9es personnelles et de vos droits"}]},{"@type":"WebSite","@id":"https:\/\/red-social-innovation.com\/fr\/#website","url":"https:\/\/red-social-innovation.com\/fr\/","name":"Red Social Innovation","description":"Centre de Ressources International d\u2019Innovation Sociale","publisher":{"@id":"https:\/\/red-social-innovation.com\/fr\/#organization"},"potentialAction":[{"@type":"SearchAction","target":{"@type":"EntryPoint","urlTemplate":"https:\/\/red-social-innovation.com\/fr\/?s={search_term_string}"},"query-input":"required name=search_term_string"}],"inLanguage":"fr-FR"},{"@type":"Organization","@id":"https:\/\/red-social-innovation.com\/fr\/#organization","name":"Red Social Innovation","url":"https:\/\/red-social-innovation.com\/fr\/","logo":{"@type":"ImageObject","inLanguage":"fr-FR","@id":"https:\/\/red-social-innovation.com\/fr\/#\/schema\/logo\/image\/","url":"https:\/\/red-social-innovation.com\/wp-content\/uploads\/2021\/03\/logo-red-social-innovation.svg","contentUrl":"https:\/\/red-social-innovation.com\/wp-content\/uploads\/2021\/03\/logo-red-social-innovation.svg","caption":"Red Social Innovation"},"image":{"@id":"https:\/\/red-social-innovation.com\/fr\/#\/schema\/logo\/image\/"}}]}},"_links":{"self":[{"href":"https:\/\/red-social-innovation.com\/fr\/wp-json\/wp\/v2\/pages\/1380"}],"collection":[{"href":"https:\/\/red-social-innovation.com\/fr\/wp-json\/wp\/v2\/pages"}],"about":[{"href":"https:\/\/red-social-innovation.com\/fr\/wp-json\/wp\/v2\/types\/page"}],"author":[{"embeddable":true,"href":"https:\/\/red-social-innovation.com\/fr\/wp-json\/wp\/v2\/users\/5"}],"replies":[{"embeddable":true,"href":"https:\/\/red-social-innovation.com\/fr\/wp-json\/wp\/v2\/comments?post=1380"}],"version-history":[{"count":4,"href":"https:\/\/red-social-innovation.com\/fr\/wp-json\/wp\/v2\/pages\/1380\/revisions"}],"predecessor-version":[{"id":1831,"href":"https:\/\/red-social-innovation.com\/fr\/wp-json\/wp\/v2\/pages\/1380\/revisions\/1831"}],"wp:attachment":[{"href":"https:\/\/red-social-innovation.com\/fr\/wp-json\/wp\/v2\/media?parent=1380"}],"curies":[{"name":"wp","href":"https:\/\/api.w.org\/{rel}","templated":true}]}}