{"id":364,"date":"2021-02-11T11:02:30","date_gmt":"2021-02-11T10:02:30","guid":{"rendered":"https:localhost:8888\/red-social-innovation\/about\/"},"modified":"2024-04-11T08:18:46","modified_gmt":"2024-04-11T06:18:46","slug":"a-propos","status":"publish","type":"page","link":"https:\/\/red-social-innovation.com\/fr\/a-propos\/","title":{"rendered":"\u00c0 propos"},"content":{"rendered":"\n<div class=\"wp-block-columns is-layout-flex wp-container-core-columns-layout-1 wp-block-columns-is-layout-flex\">\n<div class=\"wp-block-column sticky is-layout-flow wp-block-column-is-layout-flow\" style=\"flex-basis:33.33%\">\n<h2 class=\"wp-block-heading\"><strong>RED Social Innovation<\/strong><\/h2>\n<\/div>\n\n\n\n<div class=\"wp-block-column is-layout-flow wp-block-column-is-layout-flow\" style=\"flex-basis:66.66%\">\n<figure class=\"wp-block-image size-large\"><img decoding=\"async\" width=\"1024\" height=\"185\" src=\"http:localhost:8888\/red-social-innovation\/wp-content\/uploads\/2021\/03\/signature-1024x185.png\" alt=\"\" class=\"wp-image-921\" srcset=\"https:\/\/red-social-innovation.com\/wp-content\/uploads\/2021\/03\/signature-1024x185.png 1024w, https:\/\/red-social-innovation.com\/wp-content\/uploads\/2021\/03\/signature-300x54.png 300w, https:\/\/red-social-innovation.com\/wp-content\/uploads\/2021\/03\/signature-1536x277.png 1536w, https:\/\/red-social-innovation.com\/wp-content\/uploads\/2021\/03\/signature-2048x370.png 2048w\" sizes=\"(max-width: 1024px) 100vw, 1024px\" \/><\/figure>\n\n\n\n<p>Alors que les mod\u00e8les socio-\u00e9conomiques h\u00e9rit\u00e9s du XX\u00e8me si\u00e8cle montrent leur incapacit\u00e9 \u00e0 r\u00e9pondre aux d\u00e9fis du pr\u00e9sent, les crises sanitaires et \u00e9cologiques bouleversent l\u2019\u00e9volution des rapports sociaux et accentuent les in\u00e9galit\u00e9s \u00e0 travers le monde. Le Mouvement international de la Croix-Rouge et du Croissant Rouge \u0153uvre depuis sa cr\u00e9ation en 1863 pour une soci\u00e9t\u00e9 plus humaine et dans laquelle les personnes les plus vuln\u00e9rables sont prises en compte et prot\u00e9g\u00e9es.<\/p>\n\n\n\n<p>Face \u00e0 la complexification de l\u2019acc\u00e8s aux ressources financi\u00e8res et afin de r\u00e9pondre \u00e0 des besoins sociaux en constante \u00e9volution, nous encourageons l\u2019innovation ouverte et l&rsquo;exp\u00e9rimentation sur le terrain afin de maximiser l\u2019impact social de ses activit\u00e9s.<\/p>\n\n\n\n<p>RED Social Innovation est un centre de ressources international d\u2019innovation sociale port\u00e9 par la Croix-Rouge fran\u00e7aise et la Croix-Rouge espagnole afin de tester, centraliser et valoriser les innovations sociales cr\u00e9\u00e9es et d\u00e9velopp\u00e9es au sein du Mouvement ainsi que par les acteurs publics et priv\u00e9s engag\u00e9s dans des missions d\u2019int\u00e9r\u00eat g\u00e9n\u00e9ral.<\/p>\n\n\n\n<p>La Croix-Rouge fran\u00e7aise, \u00e0 travers <a href=\"https:\/\/21-croix-rouge.fr\">21<\/a>, son Acc\u00e9l\u00e9rateur d\u2019innovation sociale et la Croix-Rouge espagnole, \u00e0 travers la <a href=\"https:\/\/www.fundaciontecsos.es\/en\">Fondation TECSOS<\/a>, sont engag\u00e9es depuis de nombreuses ann\u00e9es dans la transformation de leurs actions par l\u2019innovation sociale et technologique. RED Social Innovation s\u2019inscrit dans la continuit\u00e9 de cette d\u00e9marche \u00e0 une \u00e9chelle internationale.<\/p>\n\n\n\n<p>Les objectifs de RED Social Innovation sont :<\/p>\n\n\n\n<ol>\n<li>Partager au plus grand nombre les bonnes pratiques de transformation et d\u2019innovation sociale pour mieux se pr\u00e9parer aux changements socio-\u00e9conomiques futurs ;<\/li>\n\n\n\n<li>Faciliter le transfert de comp\u00e9tences des Soci\u00e9t\u00e9s Nationales innovantes vers celles qui ont besoin d\u2019accompagnement ;<\/li>\n\n\n\n<li>Soutenir l\u2019innovation ouverte et inclusive \u00e0 travers le partage de m\u00e9thodologies, de solutions et de r\u00e9sultats ;<\/li>\n\n\n\n<li>Cr\u00e9er des synergies entre le monde associatif, les autres acteurs de l&rsquo;\u00c9conomie Sociale et Solidaire et le secteur priv\u00e9.<\/li>\n<\/ol>\n\n\n\n<p>Pour y parvenir, RED Social Innovation propose :<\/p>\n\n\n\n<ol>\n<li>des fiches techniques pr\u00e9sentant des solutions innovantes dans les champs social, m\u00e9dico-social et sanitaire. Ces articles sont disponibles en trois langues : fran\u00e7ais, espagnol et anglais ;<\/li>\n\n\n\n<li>une newsletter mensuelle personnalisable proposant une s\u00e9lection des meilleures publications du site.&nbsp;<\/li>\n\n\n\n<li>une publication annuelle reprenant les solutions les plus innovantes test\u00e9es et d\u00e9velopp\u00e9es au sein du Mouvement.<\/li>\n<\/ol>\n<\/div>\n<\/div>\n\n\n\n<div class=\"wp-block-columns is-layout-flex wp-container-core-columns-layout-2 wp-block-columns-is-layout-flex\">\n<div class=\"wp-block-column sticky is-layout-flow wp-block-column-is-layout-flow\" style=\"flex-basis:33.33%\">\n<h2 class=\"wp-block-heading\"><strong>Qu\u2019est ce que l\u2019innovation sociale ?<\/strong><\/h2>\n<\/div>\n\n\n\n<div class=\"wp-block-column is-layout-flow wp-block-column-is-layout-flow\" style=\"flex-basis:66.66%\">\n<p>L\u2019innovation sociale correspond \u00e0 l\u2019ensemble des solutions nouvelles cr\u00e9\u00e9es pour r\u00e9pondre aux besoins sociaux nouveaux ou mal satisfaits. Elle apporte des solutions efficaces \u00e0 des enjeux complexes auxquels ni l\u2019Etat, ni le march\u00e9 ne peuvent r\u00e9pondre seuls. Alors que jusque dans les ann\u00e9es 1970, le concept d&rsquo;innovation sociale \u00e9tait intrins\u00e8quement li\u00e9 \u00e0 l\u2019utilisation de nouvelles technologies, sa d\u00e9finition s\u2019est progressivement \u00e9largie \u00e0 l\u2019id\u00e9e de \u201cfaire les choses diff\u00e9remment\u00a0\u00bb au service de l\u2019int\u00e9r\u00eat g\u00e9n\u00e9ral.&nbsp;<\/p>\n\n\n\n<p>L\u2019ensemble des acteurs de la soci\u00e9t\u00e9 sont concern\u00e9s, y compris le secteur associatif. En imaginant de nouveaux mod\u00e8les socio-\u00e9conomiques, en utilisant autrement la technologie ou en transformant nos fa\u00e7ons de travailler, l\u2019innovation sociale permet d\u2019agir de la fa\u00e7on la plus pertinente et efficiente possible pour r\u00e9pondre \u00e0 toute forme de vuln\u00e9rabilit\u00e9.<br>Si le concept d\u2019innovation sociale admet plusieurs d\u00e9finitions selon l\u2019histoire et la culture des pays, il r\u00e9pond toujours aux quatre crit\u00e8res suivants : satisfaction d\u2019un besoin, caract\u00e8re innovant de la solution, transformation de l\u2019organisation sociale et des rapports entre individus, accroissement du pouvoir d\u2019agir dans la soci\u00e9t\u00e9.<em> Social Innovation: Origins, Definitions, and Main Elements, 2019<\/em><\/p>\n<\/div>\n<\/div>\n\n\n\n<div class=\"wp-block-columns is-layout-flex wp-container-core-columns-layout-3 wp-block-columns-is-layout-flex\">\n<div class=\"wp-block-column sticky is-layout-flow wp-block-column-is-layout-flow\" style=\"flex-basis:33.33%\">\n<h2 class=\"wp-block-heading\"><strong><strong>Les crit\u00e8res de s\u00e9lection<\/strong><\/strong><\/h2>\n<\/div>\n\n\n\n<div class=\"wp-block-column is-layout-flow wp-block-column-is-layout-flow\" style=\"flex-basis:66.66%\">\n<p>Le caract\u00e8re innovant d\u2019une solution d\u2019un point de vue organisationnel sera \u00e9valu\u00e9 par la Croix-Rouge fran\u00e7aise et 21 selon les quatre crit\u00e8res suivants:&nbsp;<\/p>\n\n\n\n<p>1. <strong>Besoins sociaux ou organisationnels <\/strong>&#8211; La solution contribue efficacement \u00e0 satisfaire un besoin social ou \u00e0 relever un d\u00e9fi organisationnel auxquels une ou plusieurs Soci\u00e9t\u00e9(s) Nationale(s) font face.<\/p>\n\n\n\n<p>2. <strong>Proposition de valeur innovante<\/strong> &#8211; La solution apporte une r\u00e9ponse nouvelle \u00e0 un besoin social ou organisationnel.<\/p>\n\n\n\n<p>3. <strong>Impact social<\/strong> &#8211; La solution a obtenu des r\u00e9sultats concluants lors de ses premi\u00e8res exp\u00e9rimentations ou son potentiel d\u2019impact est prometteur.&nbsp;&nbsp;<\/p>\n\n\n\n<p>4.<strong> Int\u00e9r\u00eat strat\u00e9gique pour le Mouvement<\/strong> &#8211; La solution participe \u00e0 am\u00e9liorer l\u2019impact des activit\u00e9s d\u2019une ou plusieurs Soci\u00e9t\u00e9s Nationales du Mouvement de la Croix-Rouge et du Croissant Rouge.<\/p>\n\n\n\n<p>Le caract\u00e8re innovant d\u2019une solution d\u2019un point de vue technologique sera \u00e9valu\u00e9 par la Croix-Rouge espagnole et Tecsos selon les quatre crit\u00e8res suivants:<\/p>\n\n\n\n<p>1. <strong>Besoins sociaux ou organisationnels<\/strong> &#8211; La solution utilise la technologie pour r\u00e9pondre \u00e0 un besoin social ou organisationnel pr\u00e9alablement identifi\u00e9, et ainsi am\u00e9liorer la prise en charge de ses b\u00e9n\u00e9ficiaires.&nbsp;<\/p>\n\n\n\n<p>2. <strong>Application d\u2019une innovation technologique<\/strong> &#8211; La solution est soit fond\u00e9e sur une ou plusieurs technologie(s) nouvellement d\u00e9velopp\u00e9e(s), soit sur l\u2019application nouvelle d\u2019une technologie d\u00e9j\u00e0 existante.<\/p>\n\n\n\n<p>3. <strong>Accessibilit\u00e9<\/strong> &#8211; La solution est accessible au plus grand nombre de personnes possible, indiff\u00e9remment de leur culture, leur \u00e2ge, leur handicap ou leur statut socio-\u00e9conomique.<\/p>\n\n\n\n<p>4. <strong>Viabilit\u00e9<\/strong> &#8211; La solution s\u2019appuie&nbsp; sur une solution technologique efficace, reproductible et \u00e9volutive, qui peut \u00eatre transf\u00e9r\u00e9e \u00e0 d\u2019autres territoires, populations vuln\u00e9rables ou Soci\u00e9t\u00e9s Nationales.<\/p>\n<\/div>\n<\/div>\n\n\n\n<div class=\"wp-block-columns is-layout-flex wp-container-core-columns-layout-4 wp-block-columns-is-layout-flex\">\n<div class=\"wp-block-column sticky is-layout-flow wp-block-column-is-layout-flow\" style=\"flex-basis:33.33%\">\n<h2 class=\"wp-block-heading\"><strong><strong>La gouvernance<\/strong><\/strong><\/h2>\n<\/div>\n\n\n\n<div class=\"wp-block-column is-layout-flow wp-block-column-is-layout-flow\" style=\"flex-basis:66.66%\">\n<p><strong>Le conseil d\u2019Administration<\/strong><\/p>\n\n\n\n<p>Le conseil d&rsquo;administration de RED Social Innovation est compos\u00e9 de quatre entit\u00e9s : la Croix-Rouge fran\u00e7aise, la Croix-Rouge espagnole, la Fondation TECSOS, 21, l&rsquo;Acc\u00e9l\u00e9rateur d&rsquo;innovation sociale de la Croix-Rouge fran\u00e7aise.<\/p>\n\n\n\n<figure class=\"wp-block-image size-large\"><img decoding=\"async\" width=\"1024\" height=\"136\" src=\"https:\/\/red-social-innovation.com\/wp-content\/uploads\/2024\/04\/signature-all-red-crosses-1-1024x136.jpg\" alt=\"\" class=\"wp-image-7822\" srcset=\"https:\/\/red-social-innovation.com\/wp-content\/uploads\/2024\/04\/signature-all-red-crosses-1-1024x136.jpg 1024w, https:\/\/red-social-innovation.com\/wp-content\/uploads\/2024\/04\/signature-all-red-crosses-1-300x40.jpg 300w, https:\/\/red-social-innovation.com\/wp-content\/uploads\/2024\/04\/signature-all-red-crosses-1-1536x204.jpg 1536w, https:\/\/red-social-innovation.com\/wp-content\/uploads\/2024\/04\/signature-all-red-crosses-1.jpg 1873w\" sizes=\"(max-width: 1024px) 100vw, 1024px\" \/><\/figure>\n\n\n\n<p><strong>La Croix-Rouge fran\u00e7aise<\/strong><\/p>\n\n\n\n<p>La Croix-Rouge fran\u00e7aise est une association loi 1901 reconnue d\u2019utilit\u00e9 publique qui agit pour pr\u00e9venir et apaiser toutes les souffrances humaines sans aucune discrimination depuis plus de 150 ans. Forte de son histoire, de son ancrage dans tous les d\u00e9partements de m\u00e9tropole et d\u2019outre-mer, de sa participation au plus grand mouvement humanitaire et social du monde, elle est la premi\u00e8re organisation sociale de France. L\u2019Association s\u2019appuie au quotidien sur l\u2019engagement de 59 000 b\u00e9n\u00e9voles au sein de 1 000 unit\u00e9s locales et de 17 000 salari\u00e9s \u0153uvrant dans 664 \u00e9tablissements sanitaires, sociaux et m\u00e9dico-sociaux et de formation.<\/p>\n\n\n\n<p>La Croix-Rouge fran\u00e7aise intervient principalement dans les domaines suivants : la formation aux m\u00e9tiers du sanitaire et du social, l\u00e9tiers sanitaires, sociaux et m\u00e9dico-sociaux, l&rsquo;action sociale, l&rsquo;action internationale, l&rsquo;urgence et les op\u00e9rations de secourisme.<\/p>\n\n\n\n<p><strong>La Croix-Rouge espagnole<\/strong><\/p>\n\n\n\n<p>La Croix-Rouge espagnole est une organisation humanitaire membre du Mouvement International de la Croix-Rouge et du Croissant Rouge et l\u2019une des plus grandes entit\u00e9s de la soci\u00e9t\u00e9 civile en Espagne. La Croix-Rouge espagnole, en tant qu\u2019organisation humanitaire b\u00e9n\u00e9vole, fortement ancr\u00e9e dans la soci\u00e9t\u00e9, apporte des r\u00e9ponses aux personnes vuln\u00e9rables.<\/p>\n\n\n\n<p>Distribu\u00e9 g\u00e9ographiquement \u00e0 travers 665 unit\u00e9s locales, l\u2019organisation est compos\u00e9e de professionnels et de b\u00e9n\u00e9voles. Les activit\u00e9s et programmes de la Croix-Rouge espagnole s&rsquo;adressent aux diff\u00e9rentes cat\u00e9gories sociales : personnes \u00e2g\u00e9es, migrants et r\u00e9fugi\u00e9s, enfants et jeunes en difficult\u00e9 sociale, femmes victimes de violences de genre, ch\u00f4meurs\u2026. La Croix-Rouge espagnole intervient principalement dans les domaines suivants&nbsp; : l\u2019urgence et les op\u00e9rations de secourisme, l\u2019inclusion sociale, l\u2019emploi, la sant\u00e9, l\u2019\u00e9ducation environnementale. Cela est possible gr\u00e2ce \u00e0 l\u2019engagement de 231 053 b\u00e9n\u00e9voles et de 13 342 professionnels du secteur m\u00e9dico-social : travailleurs sociaux, m\u00e9decins, psychologues, th\u00e9rapeutes, infirmi\u00e8res, ing\u00e9nieurs, etc.&nbsp;<\/p>\n\n\n\n<p>En 2019, 2 849 827 personnes ont b\u00e9n\u00e9fici\u00e9 des services de la Croix-Rouge espagnole et 11 589 787 personnes b\u00e9n\u00e9ficient d\u2019actions nationales, internationales, et de sensibilisation.&nbsp;<\/p>\n\n\n\n<p>La mission de la Croix-Rouge espagnole est d\u2019\u00eatre au plus pr\u00e8s des personnes vuln\u00e9rables dans les champs national et international, \u00e0 travers des actions int\u00e9gr\u00e9es, men\u00e9es essentiellement par le b\u00e9n\u00e9volat, avec une large participation sociale et une vaste pr\u00e9sence territoriale.<\/p>\n\n\n\n<p><strong>21, l\u2019Acc\u00e9l\u00e9rateur d\u2019Innovation Sociale de la Croix-Rouge fran\u00e7aise<\/strong><\/p>\n\n\n\n<p>21 est un espace de 1000m\u00b2 d\u00e9di\u00e9 \u00e0 l\u2019innovation sociale situ\u00e9 au c\u0153ur du si\u00e8ge de la Croix-Rouge fran\u00e7aise, \u00e0 Montrouge, en r\u00e9gion parisienne. 21 accueille un ensemble de programmes d\u2019accompagnement de projets \u00e0 impact social positif, un coworking social et un studio num\u00e9rique.<\/p>\n\n\n\n<p><strong>La Fondation TecSOS<\/strong><\/p>\n\n\n\n<p>La Fondation des Technologies Sociales &#8211; TECSOS &#8211; a \u00e9t\u00e9 cr\u00e9\u00e9e en 2002 gr\u00e2ce \u00e0 la promotion conjointe de la Croix-Rouge espagnole et de la Fondation Vodafone Espagne. Au sein de la Fondation TECSOS, l\u2019expertise dans le secteur m\u00e9dico-social et l&rsquo;excellence technologique de chacune des entit\u00e9s se rejoignent afin de r\u00e9pondre aux besoins sociaux par l&rsquo;innovation technologique responsable, en contribuant \u00e0 l&rsquo;am\u00e9lioration des comp\u00e9tences des personnes et en payant une attention particuli\u00e8re aux plus vuln\u00e9rables.<\/p>\n<\/div>\n<\/div>\n\n\n\n<div class=\"wp-block-columns is-layout-flex wp-container-core-columns-layout-5 wp-block-columns-is-layout-flex\">\n<div class=\"wp-block-column sticky is-layout-flow wp-block-column-is-layout-flow\" style=\"flex-basis:33.33%\">\n<h2 class=\"wp-block-heading\"><strong><strong>Les Partenaires<\/strong><\/strong><\/h2>\n<\/div>\n\n\n\n<div class=\"wp-block-column is-layout-flow wp-block-column-is-layout-flow\" style=\"flex-basis:66.66%\">\n<p>La <strong>F\u00e9d\u00e9ration Internationale de la Croix-Rouge et du Croissant Rouge<\/strong>, la <strong>Solferino Academy<\/strong>, le <strong>Comit\u00e9 International de la Croix-Rouge<\/strong>, le r\u00e9seau international d&rsquo;entrepreneurs sociaux <strong>Ashoka<\/strong>, <strong>UNSDSN<\/strong>, le r\u00e9seau de solutions de d\u00e9veloppement durable des Nations Unies et la <strong>Stanford Social Innovation Review<\/strong>.<\/p>\n\n\n\n<figure class=\"wp-block-image size-large\"><img decoding=\"async\" width=\"1024\" height=\"185\" src=\"https:localhost:8888\/red-social-innovation\/wp-content\/uploads\/2021\/03\/banner_partners-1024x185.png\" alt=\"\" class=\"wp-image-1262\" srcset=\"https:\/\/red-social-innovation.com\/wp-content\/uploads\/2021\/03\/banner_partners-1024x185.png 1024w, https:\/\/red-social-innovation.com\/wp-content\/uploads\/2021\/03\/banner_partners-300x54.png 300w, https:\/\/red-social-innovation.com\/wp-content\/uploads\/2021\/03\/banner_partners-1536x277.png 1536w, https:\/\/red-social-innovation.com\/wp-content\/uploads\/2021\/03\/banner_partners-2048x370.png 2048w\" sizes=\"(max-width: 1024px) 100vw, 1024px\" \/><\/figure>\n<\/div>\n<\/div>\n\n\n\n<div class=\"wp-block-columns is-layout-flex wp-container-core-columns-layout-6 wp-block-columns-is-layout-flex\">\n<div class=\"wp-block-column sticky is-layout-flow wp-block-column-is-layout-flow\" style=\"flex-basis:33.33%\">\n<h2 class=\"wp-block-heading\"><strong><strong>Contacts<\/strong><\/strong><\/h2>\n<\/div>\n\n\n\n<div class=\"wp-block-column is-layout-flow wp-block-column-is-layout-flow\" style=\"flex-basis:66.66%\">\n<p><strong>Giulio Zucchini<\/strong> <br>Responsable de l&rsquo;Innovation Internationale \u00e0 la Croix-Rouge fran\u00e7aise <br><em>giulio.zucchini@croix-rouge.fr <\/em><\/p>\n\n\n\n<p><strong>Ana Pe\u00f1alver Blanco<\/strong><br>Responsable du partenariat avec la Fondation TECSOS \u00e0 la Croix-Rouge espagnole <br><em>apblanco@cruzroja.es<\/em><\/p>\n<\/div>\n<\/div>\n","protected":false},"excerpt":{"rendered":"<p>RED Social Innovation Alors que les mod\u00e8les socio-\u00e9conomiques h\u00e9rit\u00e9s du XX\u00e8me si\u00e8cle montrent leur incapacit\u00e9 \u00e0 r\u00e9pondre aux d\u00e9fis du&#8230;<\/p>\n","protected":false},"author":1,"featured_media":0,"parent":0,"menu_order":0,"comment_status":"closed","ping_status":"closed","template":"page-about.php","meta":{"footnotes":""},"acf":[],"yoast_head":"<!-- This site is optimized with the Yoast SEO plugin v21.5 - https:\/\/yoast.com\/wordpress\/plugins\/seo\/ -->\n<title>\u00c0 propos - Red Social Innovation<\/title>\n<meta name=\"robots\" content=\"index, follow, max-snippet:-1, max-image-preview:large, max-video-preview:-1\" \/>\n<link rel=\"canonical\" href=\"https:\/\/red-social-innovation.com\/fr\/a-propos\/\" \/>\n<meta property=\"og:locale\" content=\"fr_FR\" \/>\n<meta property=\"og:type\" content=\"article\" \/>\n<meta property=\"og:title\" content=\"\u00c0 propos - Red Social Innovation\" \/>\n<meta property=\"og:description\" content=\"RED Social Innovation Alors que les mod\u00e8les socio-\u00e9conomiques h\u00e9rit\u00e9s du XX\u00e8me si\u00e8cle montrent leur incapacit\u00e9 \u00e0 r\u00e9pondre aux d\u00e9fis du...\" \/>\n<meta property=\"og:url\" content=\"https:\/\/red-social-innovation.com\/fr\/a-propos\/\" \/>\n<meta property=\"og:site_name\" content=\"Red Social Innovation\" \/>\n<meta property=\"article:modified_time\" content=\"2024-04-11T06:18:46+00:00\" \/>\n<meta property=\"og:image\" content=\"https:\/\/red-social-innovation.com\/wp-content\/uploads\/2024\/04\/signature-all-red-crosses-1-1024x136.jpg\" \/>\n<meta name=\"twitter:card\" content=\"summary_large_image\" \/>\n<meta name=\"twitter:label1\" content=\"Dur\u00e9e de lecture estim\u00e9e\" \/>\n\t<meta name=\"twitter:data1\" content=\"7 minutes\" \/>\n<script type=\"application\/ld+json\" class=\"yoast-schema-graph\">{\"@context\":\"https:\/\/schema.org\",\"@graph\":[{\"@type\":\"WebPage\",\"@id\":\"https:\/\/red-social-innovation.com\/fr\/a-propos\/\",\"url\":\"https:\/\/red-social-innovation.com\/fr\/a-propos\/\",\"name\":\"\u00c0 propos - Red Social Innovation\",\"isPartOf\":{\"@id\":\"https:\/\/red-social-innovation.com\/fr\/#website\"},\"datePublished\":\"2021-02-11T10:02:30+00:00\",\"dateModified\":\"2024-04-11T06:18:46+00:00\",\"breadcrumb\":{\"@id\":\"https:\/\/red-social-innovation.com\/fr\/a-propos\/#breadcrumb\"},\"inLanguage\":\"fr-FR\",\"potentialAction\":[{\"@type\":\"ReadAction\",\"target\":[\"https:\/\/red-social-innovation.com\/fr\/a-propos\/\"]}]},{\"@type\":\"BreadcrumbList\",\"@id\":\"https:\/\/red-social-innovation.com\/fr\/a-propos\/#breadcrumb\",\"itemListElement\":[{\"@type\":\"ListItem\",\"position\":1,\"name\":\"Home\",\"item\":\"https:\/\/red-social-innovation.com\/fr\/\"},{\"@type\":\"ListItem\",\"position\":2,\"name\":\"\u00c0 propos\"}]},{\"@type\":\"WebSite\",\"@id\":\"https:\/\/red-social-innovation.com\/fr\/#website\",\"url\":\"https:\/\/red-social-innovation.com\/fr\/\",\"name\":\"Red Social Innovation\",\"description\":\"Centre de Ressources International d\u2019Innovation Sociale\",\"publisher\":{\"@id\":\"https:\/\/red-social-innovation.com\/fr\/#organization\"},\"potentialAction\":[{\"@type\":\"SearchAction\",\"target\":{\"@type\":\"EntryPoint\",\"urlTemplate\":\"https:\/\/red-social-innovation.com\/fr\/?s={search_term_string}\"},\"query-input\":\"required name=search_term_string\"}],\"inLanguage\":\"fr-FR\"},{\"@type\":\"Organization\",\"@id\":\"https:\/\/red-social-innovation.com\/fr\/#organization\",\"name\":\"Red Social Innovation\",\"url\":\"https:\/\/red-social-innovation.com\/fr\/\",\"logo\":{\"@type\":\"ImageObject\",\"inLanguage\":\"fr-FR\",\"@id\":\"https:\/\/red-social-innovation.com\/fr\/#\/schema\/logo\/image\/\",\"url\":\"https:\/\/red-social-innovation.com\/wp-content\/uploads\/2021\/03\/logo-red-social-innovation.svg\",\"contentUrl\":\"https:\/\/red-social-innovation.com\/wp-content\/uploads\/2021\/03\/logo-red-social-innovation.svg\",\"caption\":\"Red Social Innovation\"},\"image\":{\"@id\":\"https:\/\/red-social-innovation.com\/fr\/#\/schema\/logo\/image\/\"}}]}<\/script>\n<!-- \/ Yoast SEO plugin. -->","yoast_head_json":{"title":"\u00c0 propos - Red Social Innovation","robots":{"index":"index","follow":"follow","max-snippet":"max-snippet:-1","max-image-preview":"max-image-preview:large","max-video-preview":"max-video-preview:-1"},"canonical":"https:\/\/red-social-innovation.com\/fr\/a-propos\/","og_locale":"fr_FR","og_type":"article","og_title":"\u00c0 propos - Red Social Innovation","og_description":"RED Social Innovation Alors que les mod\u00e8les socio-\u00e9conomiques h\u00e9rit\u00e9s du XX\u00e8me si\u00e8cle montrent leur incapacit\u00e9 \u00e0 r\u00e9pondre aux d\u00e9fis du...","og_url":"https:\/\/red-social-innovation.com\/fr\/a-propos\/","og_site_name":"Red Social Innovation","article_modified_time":"2024-04-11T06:18:46+00:00","og_image":[{"url":"https:\/\/red-social-innovation.com\/wp-content\/uploads\/2024\/04\/signature-all-red-crosses-1-1024x136.jpg"}],"twitter_card":"summary_large_image","twitter_misc":{"Dur\u00e9e de lecture estim\u00e9e":"7 minutes"},"schema":{"@context":"https:\/\/schema.org","@graph":[{"@type":"WebPage","@id":"https:\/\/red-social-innovation.com\/fr\/a-propos\/","url":"https:\/\/red-social-innovation.com\/fr\/a-propos\/","name":"\u00c0 propos - Red Social Innovation","isPartOf":{"@id":"https:\/\/red-social-innovation.com\/fr\/#website"},"datePublished":"2021-02-11T10:02:30+00:00","dateModified":"2024-04-11T06:18:46+00:00","breadcrumb":{"@id":"https:\/\/red-social-innovation.com\/fr\/a-propos\/#breadcrumb"},"inLanguage":"fr-FR","potentialAction":[{"@type":"ReadAction","target":["https:\/\/red-social-innovation.com\/fr\/a-propos\/"]}]},{"@type":"BreadcrumbList","@id":"https:\/\/red-social-innovation.com\/fr\/a-propos\/#breadcrumb","itemListElement":[{"@type":"ListItem","position":1,"name":"Home","item":"https:\/\/red-social-innovation.com\/fr\/"},{"@type":"ListItem","position":2,"name":"\u00c0 propos"}]},{"@type":"WebSite","@id":"https:\/\/red-social-innovation.com\/fr\/#website","url":"https:\/\/red-social-innovation.com\/fr\/","name":"Red Social Innovation","description":"Centre de Ressources International d\u2019Innovation Sociale","publisher":{"@id":"https:\/\/red-social-innovation.com\/fr\/#organization"},"potentialAction":[{"@type":"SearchAction","target":{"@type":"EntryPoint","urlTemplate":"https:\/\/red-social-innovation.com\/fr\/?s={search_term_string}"},"query-input":"required name=search_term_string"}],"inLanguage":"fr-FR"},{"@type":"Organization","@id":"https:\/\/red-social-innovation.com\/fr\/#organization","name":"Red Social Innovation","url":"https:\/\/red-social-innovation.com\/fr\/","logo":{"@type":"ImageObject","inLanguage":"fr-FR","@id":"https:\/\/red-social-innovation.com\/fr\/#\/schema\/logo\/image\/","url":"https:\/\/red-social-innovation.com\/wp-content\/uploads\/2021\/03\/logo-red-social-innovation.svg","contentUrl":"https:\/\/red-social-innovation.com\/wp-content\/uploads\/2021\/03\/logo-red-social-innovation.svg","caption":"Red Social Innovation"},"image":{"@id":"https:\/\/red-social-innovation.com\/fr\/#\/schema\/logo\/image\/"}}]}},"_links":{"self":[{"href":"https:\/\/red-social-innovation.com\/fr\/wp-json\/wp\/v2\/pages\/364"}],"collection":[{"href":"https:\/\/red-social-innovation.com\/fr\/wp-json\/wp\/v2\/pages"}],"about":[{"href":"https:\/\/red-social-innovation.com\/fr\/wp-json\/wp\/v2\/types\/page"}],"author":[{"embeddable":true,"href":"https:\/\/red-social-innovation.com\/fr\/wp-json\/wp\/v2\/users\/1"}],"replies":[{"embeddable":true,"href":"https:\/\/red-social-innovation.com\/fr\/wp-json\/wp\/v2\/comments?post=364"}],"version-history":[{"count":15,"href":"https:\/\/red-social-innovation.com\/fr\/wp-json\/wp\/v2\/pages\/364\/revisions"}],"predecessor-version":[{"id":7827,"href":"https:\/\/red-social-innovation.com\/fr\/wp-json\/wp\/v2\/pages\/364\/revisions\/7827"}],"wp:attachment":[{"href":"https:\/\/red-social-innovation.com\/fr\/wp-json\/wp\/v2\/media?parent=364"}],"curies":[{"name":"wp","href":"https:\/\/api.w.org\/{rel}","templated":true}]}}